{"id":113,"date":"2026-01-07T16:00:11","date_gmt":"2026-01-07T16:00:11","guid":{"rendered":"https:\/\/smarthostalgarve.com\/?page_id=113"},"modified":"2026-01-08T12:05:35","modified_gmt":"2026-01-08T12:05:35","slug":"home","status":"publish","type":"page","link":"https:\/\/smarthostalgarve.com\/en\/home\/","title":{"rendered":"Servi\u00e7os"},"content":{"rendered":"<div data-elementor-type=\"wp-page\" data-elementor-id=\"113\" class=\"elementor elementor-113\">\n\t\t\t\t<div class=\"elementor-element elementor-element-4906454 e-con-full e-flex e-con e-parent\" data-id=\"4906454\" data-element_type=\"container\" data-settings=\"{&quot;background_background&quot;:&quot;slideshow&quot;,&quot;background_slideshow_gallery&quot;:[{&quot;id&quot;:116,&quot;url&quot;:&quot;https:\\\/\\\/smarthostalgarve.com\\\/wp-content\\\/uploads\\\/2026\\\/01\\\/ChatGPT-Image-7-de-jan.-de-2026-17_01_05.png&quot;}],&quot;background_slideshow_loop&quot;:&quot;yes&quot;,&quot;background_slideshow_slide_duration&quot;:5000,&quot;background_slideshow_slide_transition&quot;:&quot;fade&quot;,&quot;background_slideshow_transition_duration&quot;:500}\">\n\t\t<div class=\"elementor-element elementor-element-1b8ff13 e-flex e-con-boxed e-con e-child\" data-id=\"1b8ff13\" data-element_type=\"container\">\n\t\t\t\t\t<div class=\"e-con-inner\">\n\t\t\t\t<div class=\"elementor-element elementor-element-d02324c elementor-widget elementor-widget-heading\" data-id=\"d02324c\" data-element_type=\"widget\" data-widget_type=\"heading.default\">\n\t\t\t\t\t<h2 class=\"elementor-heading-title elementor-size-default\">Gest\u00e3o Profissional <br>de Alojamento Local no Algarve<span style=\"font-size: 1.875rem;font-style: inherit\"><\/span><\/h2>\t\t\t\t<\/div>\n\t\t\t\t<div class=\"elementor-element elementor-element-4606fbe elementor-widget elementor-widget-text-editor\" data-id=\"4606fbe\" data-element_type=\"widget\" data-widget_type=\"text-editor.default\">\n\t\t\t\t\t\t\t\t\t<p>Rentabilize o seu im\u00f3vel com tranquilidade.<br \/>N\u00f3s cuidamos de tudo.<\/p>\t\t\t\t\t\t\t\t<\/div>\n\t\t\t\t<div class=\"elementor-element elementor-element-446161c elementor-align-center elementor-widget elementor-widget-button\" data-id=\"446161c\" data-element_type=\"widget\" data-widget_type=\"button.default\">\n\t\t\t\t\t\t\t\t\t\t<a class=\"elementor-button elementor-button-link elementor-size-sm\" href=\"\">\n\t\t\t\t\t\t<span class=\"elementor-button-content-wrapper\">\n\t\t\t\t\t\t<span class=\"elementor-button-icon\">\n\t\t\t\t<svg aria-hidden=\"true\" class=\"e-font-icon-svg e-fab-whatsapp\" viewbox=\"0 0 448 512\" xmlns=\"http:\/\/www.w3.org\/2000\/svg\"><path d=\"M380.9 97.1C339 55.1 283.2 32 223.9 32c-122.4 0-222 99.6-222 222 0 39.1 10.2 77.3 29.6 111L0 480l117.7-30.9c32.4 17.7 68.9 27 106.1 27h.1c122.3 0 224.1-99.6 224.1-222 0-59.3-25.2-115-67.1-157zm-157 341.6c-33.2 0-65.7-8.9-94-25.7l-6.7-4-69.8 18.3L72 359.2l-4.4-7c-18.5-29.4-28.2-63.3-28.2-98.2 0-101.7 82.8-184.5 184.6-184.5 49.3 0 95.6 19.2 130.4 54.1 34.8 34.9 56.2 81.2 56.1 130.5 0 101.8-84.9 184.6-186.6 184.6zm101.2-138.2c-5.5-2.8-32.8-16.2-37.9-18-5.1-1.9-8.8-2.8-12.5 2.8-3.7 5.6-14.3 18-17.6 21.8-3.2 3.7-6.5 4.2-12 1.4-32.6-16.3-54-29.1-75.5-66-5.7-9.8 5.7-9.1 16.3-30.3 1.8-3.7.9-6.9-.5-9.7-1.4-2.8-12.5-30.1-17.1-41.2-4.5-10.8-9.1-9.3-12.5-9.5-3.2-.2-6.9-.2-10.6-.2-3.7 0-9.7 1.4-14.8 6.9-5.1 5.6-19.4 19-19.4 46.3 0 27.3 19.9 53.7 22.6 57.4 2.8 3.7 39.1 59.7 94.8 83.8 35.2 15.2 49 16.5 66.6 13.9 10.7-1.6 32.8-13.4 37.4-26.4 4.6-13 4.6-24.1 3.2-26.4-1.3-2.5-5-3.9-10.5-6.6z\"><\/path><\/svg>\t\t\t<\/span>\n\t\t\t\t\t\t\t\t\t<span class=\"elementor-button-text\">Falar no Whatsapp<\/span>\n\t\t\t\t\t<\/span>\n\t\t\t\t\t<\/a>\n\t\t\t\t\t\t\t\t<\/div>\n\t\t\t\t<div class=\"elementor-element elementor-element-a711f4d elementor-align-center elementor-widget elementor-widget-button\" data-id=\"a711f4d\" data-element_type=\"widget\" data-widget_type=\"button.default\">\n\t\t\t\t\t\t\t\t\t\t<a class=\"elementor-button elementor-button-link elementor-size-sm\" href=\"#contato\">\n\t\t\t\t\t\t<span class=\"elementor-button-content-wrapper\">\n\t\t\t\t\t\t<span class=\"elementor-button-icon\">\n\t\t\t\t<svg aria-hidden=\"true\" class=\"e-font-icon-svg e-fab-wpforms\" viewbox=\"0 0 448 512\" xmlns=\"http:\/\/www.w3.org\/2000\/svg\"><path d=\"M448 75.2v361.7c0 24.3-19 43.2-43.2 43.2H43.2C19.3 480 0 461.4 0 436.8V75.2C0 51.1 18.8 32 43.2 32h361.7c24 0 43.1 18.8 43.1 43.2zm-37.3 361.6V75.2c0-3-2.6-5.8-5.8-5.8h-9.3L285.3 144 224 94.1 162.8 144 52.5 69.3h-9.3c-3.2 0-5.8 2.8-5.8 5.8v361.7c0 3 2.6 5.8 5.8 5.8h361.7c3.2.1 5.8-2.7 5.8-5.8zM150.2 186v37H76.7v-37h73.5zm0 74.4v37.3H76.7v-37.3h73.5zm11.1-147.3l54-43.7H96.8l64.5 43.7zm210 72.9v37h-196v-37h196zm0 74.4v37.3h-196v-37.3h196zm-84.6-147.3l64.5-43.7H232.8l53.9 43.7zM371.3 335v37.3h-99.4V335h99.4z\"><\/path><\/svg>\t\t\t<\/span>\n\t\t\t\t\t\t\t\t\t<span class=\"elementor-button-text\">Pedir Proposta Gratuita<\/span>\n\t\t\t\t\t<\/span>\n\t\t\t\t\t<\/a>\n\t\t\t\t\t\t\t\t<\/div>\n\t\t\t\t\t<\/div>\n\t\t\t\t<\/div>\n\t\t<div class=\"elementor-element elementor-element-ab8cdff e-flex e-con-boxed e-con e-child\" data-id=\"ab8cdff\" data-element_type=\"container\">\n\t\t\t\t\t<div class=\"e-con-inner\">\n\t\t\t\t<div class=\"elementor-element elementor-element-9c4ae31 elementor-widget elementor-widget-image\" data-id=\"9c4ae31\" data-element_type=\"widget\" data-widget_type=\"image.default\">\n\t\t\t\t\t\t\t\t\t\t\t\t\t\t\t<img fetchpriority=\"high\" decoding=\"async\" width=\"2048\" height=\"1152\" src=\"https:\/\/smarthostalgarve.com\/wp-content\/uploads\/2026\/01\/Design-sem-nome-2048x1152.png\" class=\"attachment-2048x2048 size-2048x2048 wp-image-122\" alt=\"\" srcset=\"https:\/\/smarthostalgarve.com\/wp-content\/uploads\/2026\/01\/Design-sem-nome-2048x1152.png 2048w, https:\/\/smarthostalgarve.com\/wp-content\/uploads\/2026\/01\/Design-sem-nome-300x169.png 300w, https:\/\/smarthostalgarve.com\/wp-content\/uploads\/2026\/01\/Design-sem-nome-1024x576.png 1024w, https:\/\/smarthostalgarve.com\/wp-content\/uploads\/2026\/01\/Design-sem-nome-768x432.png 768w, https:\/\/smarthostalgarve.com\/wp-content\/uploads\/2026\/01\/Design-sem-nome-1536x864.png 1536w, https:\/\/smarthostalgarve.com\/wp-content\/uploads\/2026\/01\/Design-sem-nome-18x10.png 18w\" sizes=\"(max-width: 2048px) 100vw, 2048px\" \/>\t\t\t\t\t\t\t\t\t\t\t\t\t\t\t<\/div>\n\t\t\t\t\t<\/div>\n\t\t\t\t<\/div>\n\t\t\t\t<\/div>\n\t\t<div class=\"elementor-element elementor-element-e8cd3a1 e-flex e-con-boxed e-con e-parent\" data-id=\"e8cd3a1\" data-element_type=\"container\">\n\t\t\t\t\t<div class=\"e-con-inner\">\n\t\t\t\t\t<\/div>\n\t\t\t\t<\/div>\n\t\t\t\t<\/div>","protected":false},"excerpt":{"rendered":"<p>Gest\u00e3o Profissional de Alojamento Local no Algarve Rentabilize o seu im\u00f3vel com tranquilidade.N\u00f3s cuidamos de tudo. Falar no Whatsapp Pedir Proposta Gratuita<\/p>","protected":false},"author":1,"featured_media":0,"parent":0,"menu_order":0,"comment_status":"closed","ping_status":"closed","template":"elementor_header_footer","meta":{"footnotes":""},"class_list":["post-113","page","type-page","status-publish","hentry"],"yoast_head":"<!-- This site is optimized with the Yoast SEO plugin v26.6 - https:\/\/yoast.com\/wordpress\/plugins\/seo\/ -->\n<title>Servi\u00e7os - Smart Host Algarve<\/title>\n<meta name=\"robots\" content=\"index, follow, max-snippet:-1, max-image-preview:large, max-video-preview:-1\" \/>\n<link rel=\"canonical\" href=\"https:\/\/smarthostalgarve.com\/en\/home\/\" \/>\n<meta property=\"og:locale\" content=\"en_GB\" \/>\n<meta property=\"og:type\" content=\"article\" \/>\n<meta property=\"og:title\" content=\"Servi\u00e7os - Smart Host Algarve\" \/>\n<meta property=\"og:description\" content=\"Gest\u00e3o Profissional de Alojamento Local no Algarve Rentabilize o seu im\u00f3vel com tranquilidade.N\u00f3s cuidamos de tudo. Falar no Whatsapp Pedir Proposta Gratuita\" \/>\n<meta property=\"og:url\" content=\"https:\/\/smarthostalgarve.com\/en\/home\/\" \/>\n<meta property=\"og:site_name\" content=\"Smart Host Algarve\" \/>\n<meta property=\"article:modified_time\" content=\"2026-01-08T12:05:35+00:00\" \/>\n<meta property=\"og:image\" content=\"https:\/\/smarthostalgarve.com\/wp-content\/uploads\/2026\/01\/Design-sem-nome-2048x1152.png\" \/>\n<meta name=\"twitter:card\" content=\"summary_large_image\" \/>\n<meta name=\"twitter:label1\" content=\"Estimated reading time\" \/>\n\t<meta name=\"twitter:data1\" content=\"1 minute\" \/>\n<script type=\"application\/ld+json\" class=\"yoast-schema-graph\">{\"@context\":\"https:\/\/schema.org\",\"@graph\":[{\"@type\":\"WebPage\",\"@id\":\"https:\/\/smarthostalgarve.com\/home\/\",\"url\":\"https:\/\/smarthostalgarve.com\/home\/\",\"name\":\"Servi\u00e7os - Smart Host Algarve\",\"isPartOf\":{\"@id\":\"https:\/\/smarthostalgarve.com\/#website\"},\"primaryImageOfPage\":{\"@id\":\"https:\/\/smarthostalgarve.com\/home\/#primaryimage\"},\"image\":{\"@id\":\"https:\/\/smarthostalgarve.com\/home\/#primaryimage\"},\"thumbnailUrl\":\"https:\/\/smarthostalgarve.com\/wp-content\/uploads\/2026\/01\/Design-sem-nome-2048x1152.png\",\"datePublished\":\"2026-01-07T16:00:11+00:00\",\"dateModified\":\"2026-01-08T12:05:35+00:00\",\"breadcrumb\":{\"@id\":\"https:\/\/smarthostalgarve.com\/home\/#breadcrumb\"},\"inLanguage\":\"en-GB\",\"potentialAction\":[{\"@type\":\"ReadAction\",\"target\":[\"https:\/\/smarthostalgarve.com\/home\/\"]}]},{\"@type\":\"ImageObject\",\"inLanguage\":\"en-GB\",\"@id\":\"https:\/\/smarthostalgarve.com\/home\/#primaryimage\",\"url\":\"https:\/\/smarthostalgarve.com\/wp-content\/uploads\/2026\/01\/Design-sem-nome-2048x1152.png\",\"contentUrl\":\"https:\/\/smarthostalgarve.com\/wp-content\/uploads\/2026\/01\/Design-sem-nome-2048x1152.png\"},{\"@type\":\"BreadcrumbList\",\"@id\":\"https:\/\/smarthostalgarve.com\/home\/#breadcrumb\",\"itemListElement\":[{\"@type\":\"ListItem\",\"position\":1,\"name\":\"In\u00edcio\",\"item\":\"https:\/\/smarthostalgarve.com\/\"},{\"@type\":\"ListItem\",\"position\":2,\"name\":\"Servi\u00e7os\"}]},{\"@type\":\"WebSite\",\"@id\":\"https:\/\/smarthostalgarve.com\/#website\",\"url\":\"https:\/\/smarthostalgarve.com\/\",\"name\":\"Smart Host Algarve\",\"description\":\"\",\"potentialAction\":[{\"@type\":\"SearchAction\",\"target\":{\"@type\":\"EntryPoint\",\"urlTemplate\":\"https:\/\/smarthostalgarve.com\/?s={search_term_string}\"},\"query-input\":{\"@type\":\"PropertyValueSpecification\",\"valueRequired\":true,\"valueName\":\"search_term_string\"}}],\"inLanguage\":\"en-GB\"}]}<\/script>\n<!-- \/ Yoast SEO plugin. -->","yoast_head_json":{"title":"Servi\u00e7os - Smart Host Algarve","robots":{"index":"index","follow":"follow","max-snippet":"max-snippet:-1","max-image-preview":"max-image-preview:large","max-video-preview":"max-video-preview:-1"},"canonical":"https:\/\/smarthostalgarve.com\/en\/home\/","og_locale":"en_GB","og_type":"article","og_title":"Servi\u00e7os - Smart Host Algarve","og_description":"Gest\u00e3o Profissional de Alojamento Local no Algarve Rentabilize o seu im\u00f3vel com tranquilidade.N\u00f3s cuidamos de tudo. Falar no Whatsapp Pedir Proposta Gratuita","og_url":"https:\/\/smarthostalgarve.com\/en\/home\/","og_site_name":"Smart Host Algarve","article_modified_time":"2026-01-08T12:05:35+00:00","og_image":[{"url":"https:\/\/smarthostalgarve.com\/wp-content\/uploads\/2026\/01\/Design-sem-nome-2048x1152.png","type":"","width":"","height":""}],"twitter_card":"summary_large_image","twitter_misc":{"Estimated reading time":"1 minute"},"schema":{"@context":"https:\/\/schema.org","@graph":[{"@type":"WebPage","@id":"https:\/\/smarthostalgarve.com\/home\/","url":"https:\/\/smarthostalgarve.com\/home\/","name":"Servi\u00e7os - Smart Host Algarve","isPartOf":{"@id":"https:\/\/smarthostalgarve.com\/#website"},"primaryImageOfPage":{"@id":"https:\/\/smarthostalgarve.com\/home\/#primaryimage"},"image":{"@id":"https:\/\/smarthostalgarve.com\/home\/#primaryimage"},"thumbnailUrl":"https:\/\/smarthostalgarve.com\/wp-content\/uploads\/2026\/01\/Design-sem-nome-2048x1152.png","datePublished":"2026-01-07T16:00:11+00:00","dateModified":"2026-01-08T12:05:35+00:00","breadcrumb":{"@id":"https:\/\/smarthostalgarve.com\/home\/#breadcrumb"},"inLanguage":"en-GB","potentialAction":[{"@type":"ReadAction","target":["https:\/\/smarthostalgarve.com\/home\/"]}]},{"@type":"ImageObject","inLanguage":"en-GB","@id":"https:\/\/smarthostalgarve.com\/home\/#primaryimage","url":"https:\/\/smarthostalgarve.com\/wp-content\/uploads\/2026\/01\/Design-sem-nome-2048x1152.png","contentUrl":"https:\/\/smarthostalgarve.com\/wp-content\/uploads\/2026\/01\/Design-sem-nome-2048x1152.png"},{"@type":"BreadcrumbList","@id":"https:\/\/smarthostalgarve.com\/home\/#breadcrumb","itemListElement":[{"@type":"ListItem","position":1,"name":"In\u00edcio","item":"https:\/\/smarthostalgarve.com\/"},{"@type":"ListItem","position":2,"name":"Servi\u00e7os"}]},{"@type":"WebSite","@id":"https:\/\/smarthostalgarve.com\/#website","url":"https:\/\/smarthostalgarve.com\/","name":"Smart Host Algarve","description":"","potentialAction":[{"@type":"SearchAction","target":{"@type":"EntryPoint","urlTemplate":"https:\/\/smarthostalgarve.com\/?s={search_term_string}"},"query-input":{"@type":"PropertyValueSpecification","valueRequired":true,"valueName":"search_term_string"}}],"inLanguage":"en-GB"}]}},"_hostinger_reach_plugin_has_subscription_block":false,"_hostinger_reach_plugin_is_elementor":false,"_links":{"self":[{"href":"https:\/\/smarthostalgarve.com\/en\/wp-json\/wp\/v2\/pages\/113","targetHints":{"allow":["GET"]}}],"collection":[{"href":"https:\/\/smarthostalgarve.com\/en\/wp-json\/wp\/v2\/pages"}],"about":[{"href":"https:\/\/smarthostalgarve.com\/en\/wp-json\/wp\/v2\/types\/page"}],"author":[{"embeddable":true,"href":"https:\/\/smarthostalgarve.com\/en\/wp-json\/wp\/v2\/users\/1"}],"replies":[{"embeddable":true,"href":"https:\/\/smarthostalgarve.com\/en\/wp-json\/wp\/v2\/comments?post=113"}],"version-history":[{"count":8,"href":"https:\/\/smarthostalgarve.com\/en\/wp-json\/wp\/v2\/pages\/113\/revisions"}],"predecessor-version":[{"id":128,"href":"https:\/\/smarthostalgarve.com\/en\/wp-json\/wp\/v2\/pages\/113\/revisions\/128"}],"wp:attachment":[{"href":"https:\/\/smarthostalgarve.com\/en\/wp-json\/wp\/v2\/media?parent=113"}],"curies":[{"name":"wp","href":"https:\/\/api.w.org\/{rel}","templated":true}]}}