{"id":175,"date":"2026-01-16T14:31:43","date_gmt":"2026-01-16T14:31:43","guid":{"rendered":"https:\/\/smarthostalgarve.com\/home-2\/"},"modified":"2026-01-16T14:31:43","modified_gmt":"2026-01-16T14:31:43","slug":"home-2","status":"publish","type":"page","link":"https:\/\/smarthostalgarve.com\/en\/","title":{"rendered":"Home"},"content":{"rendered":"<div style=\"background-image:url(&apos;https:\/\/images.unsplash.com\/photo-1551550510-2093ce753a4a?q=85&amp;w=1920&amp;h=800&amp;fit=crop&apos;);background-position:50% 50%;background-size:cover;\" class=\"wp-block-group alignfull hostinger-ai-background-image hostinger-ai-hero-opacity hostinger-ai-fade-up has-global-padding is-layout-constrained wp-block-group-is-layout-constrained has-background\" data-aos=\"fade-up\">\n<div class=\"wp-block-group alignwide hostinger-ai-fade-up is-vertical is-content-justification-center is-nowrap is-layout-flex wp-container-core-group-is-layout-95764c33 wp-block-group-is-layout-flex\" data-aos=\"fade-up\" style=\"min-height:800px;padding-top:var(--wp--preset--spacing--40);padding-bottom:var(--wp--preset--spacing--40)\">\n<div class=\"wp-block-group hostinger-ai-fade-up wp-container-content-69bc4bdf has-global-padding is-content-justification-center is-layout-constrained wp-container-core-group-is-layout-78267832 wp-block-group-is-layout-constrained\" data-aos=\"fade-up\">\n<h1 class=\"wp-block-heading has-text-align-center hostinger-ai-title has-light-color has-text-color has-link-color has-xx-large-font-size wp-elements-265f78c3bedea533a9ff4603ca45852c\" style=\"margin-top:0;margin-right:0;margin-bottom:0;margin-left:0\">Seu Ref&uacute;gio<\/h1>\n\n\n\n<p class=\"has-text-align-center hostinger-ai-description has-light-color has-text-color has-link-color has-medium-font-size wp-elements-33fd591f05b0df6cd2b08515e79e41bd\" style=\"margin-top:var(--wp--preset--spacing--20);margin-bottom:var(--wp--preset--spacing--50)\">Transforme sua casa no Algarve em renda sem preocupa&ccedil;&otilde;es.<\/p>\n\n\n\n<div class=\"wp-block-buttons is-content-justification-center is-layout-flex wp-container-core-buttons-is-layout-a89b3969 wp-block-buttons-is-layout-flex\">\n<div class=\"wp-block-button has-custom-font-size hostinger-ai-cta-button has-medium-font-size\"><a class=\"wp-block-button__link has-light-color has-contrast-background-color has-text-color has-background has-link-color has-border-color wp-element-button\" style=\"border-color:#ffffff;border-width:1px;border-radius:50px;padding-top:var(--wp--preset--spacing--30);padding-right:var(--wp--preset--spacing--70);padding-bottom:var(--wp--preset--spacing--30);padding-left:var(--wp--preset--spacing--70);box-shadow:none\" href=\"https:\/\/smarthostalgarve.com\/en\/home\/\">Saiba Mais<\/a><\/div>\n<\/div>\n<\/div>\n<\/div>\n<\/div>\n<div class=\"wp-block-group alignfull hostinger-ai-about-us-3 hostinger-ai-fade-up has-global-padding is-layout-constrained wp-block-group-is-layout-constrained\" data-aos=\"fade-up\">\n<div class=\"wp-block-group alignwide hostinger-ai-fade-up is-layout-grid wp-container-core-group-is-layout-422a8eaf wp-block-group-is-layout-grid\" data-aos=\"fade-up\" style=\"padding-top:var(--wp--preset--spacing--60);padding-right:0;padding-bottom:var(--wp--preset--spacing--60);padding-left:0\">\n<div class=\"wp-block-group hostinger-ai-fade-up wp-container-content-5e2576f9 is-vertical is-content-justification-left is-nowrap is-layout-flex wp-container-core-group-is-layout-f26a4d82 wp-block-group-is-layout-flex\" data-aos=\"fade-up\" style=\"padding-right:var(--wp--preset--spacing--60);padding-left:0\">\n<h2 class=\"wp-block-heading hostinger-ai-title has-dark-color has-text-color has-link-color has-x-large-font-size wp-elements-03197c411b10bc5b953a47273c99665a\" style=\"margin-top:0;margin-right:0;margin-bottom:0;margin-left:0;padding-bottom:var(--wp--preset--spacing--20)\">Sobre N&oacute;s<\/h2>\n\n\n\n<p class=\"hostinger-ai-description has-dark-color has-text-color has-link-color has-medium-font-size wp-elements-b9781f604d665e7bdc8aef4158e1d850\" style=\"margin-top:0;margin-bottom:var(--wp--preset--spacing--50)\">Somos um casal que encontrou no Algarve uma chance real de ajudar propriet&aacute;rios e h&oacute;spedes com gest&atilde;o s&eacute;ria e confi&aacute;vel.<\/p>\n\n\n\n<div class=\"wp-block-buttons is-layout-flex wp-block-buttons-is-layout-flex\">\n<div class=\"wp-block-button has-custom-font-size hostinger-ai-cta-button hostinger-index-0 has-medium-font-size\"><a class=\"wp-block-button__link has-dark-color has-text-color has-link-color has-border-color wp-element-button\" style=\"border-color:#0d141a;border-width:1px;border-radius:50px;padding-top:var(--wp--preset--spacing--30);padding-right:var(--wp--preset--spacing--70);padding-bottom:var(--wp--preset--spacing--30);padding-left:var(--wp--preset--spacing--70);box-shadow:none\" href=\"https:\/\/smarthostalgarve.com\/en\/home\/\">Saiba Mais<\/a><\/div>\n<\/div>\n<\/div>\n\n\n\n<div class=\"wp-block-group hostinger-ai-fade-up is-layout-grid wp-container-core-group-is-layout-478b6e6b wp-block-group-is-layout-grid\" data-aos=\"fade-up\">\n<figure class=\"wp-block-image size-full has-custom-border hostinger-ai-image hostinger-index-4 wp-container-content-69bc4bdf\"><img decoding=\"async\" src=\"https:\/\/images.unsplash.com\/photo-1605091615872-c9ff26405d49?q=85&amp;w=273&amp;h=462&amp;fit=crop\" alt=\"A blue building with white window frames and a large black door that has 'Villa Sousa' and '1890' written on it. It features balconies with black wrought iron railings, potted plants, and a couple of small shops at ground level, including a bookstore and a small convenience store.\" class=\"wp-image-478\" style=\"border-radius:20px\"><\/figure>\n\n\n\n<figure class=\"wp-block-image size-full has-custom-border hostinger-ai-image hostinger-index-5\"><img decoding=\"async\" src=\"https:\/\/images.unsplash.com\/photo-1592645721423-25a4458d7153?q=85&amp;w=273&amp;h=462&amp;fit=crop\" alt=\"A building facade with two balconies featuring striped awnings and vibrant pink flowers in iron rail planters. There are signs reading 'PIAZZA PORTO VALENTINO' and 'AFFITTASI', indicating a location and something for rent. A traffic light with red and green lights is visible below the balconies. A neon sign, partially visible, hangs to the left.\" class=\"wp-image-479\" style=\"border-radius:20px\"><\/figure>\n<\/div>\n<\/div>\n<\/div>\n<div class=\"wp-block-group alignwide hostinger-ai-our-services-4 hostinger-ai-fade-up has-global-padding is-layout-constrained wp-block-group-is-layout-constrained\" data-aos=\"fade-up\" style=\"padding-top:0;padding-bottom:0\">\n<div class=\"wp-block-group alignwide hostinger-ai-fade-up is-nowrap is-layout-flex wp-container-core-group-is-layout-4ac5639c wp-block-group-is-layout-flex\" data-aos=\"fade-up\" style=\"margin-bottom:0;padding-top:0;padding-bottom:var(--wp--preset--spacing--30)\">\n<div class=\"wp-block-columns is-layout-flex wp-container-core-columns-is-layout-28f84493 wp-block-columns-is-layout-flex\">\n<div class=\"wp-block-column is-layout-flow wp-block-column-is-layout-flow\" style=\"flex-basis:50%\">\n<h2 class=\"wp-block-heading hostinger-ai-service-title has-x-large-font-size\" style=\"margin-bottom:0\">Nossos Servi&ccedil;os<\/h2>\n<\/div>\n\n\n\n<div class=\"wp-block-column is-vertically-aligned-center has-small-font-size has-global-padding is-layout-constrained wp-block-column-is-layout-constrained\" style=\"flex-basis:50%\">\n<p class=\"hostinger-ai-service-description has-medium-font-size\">Cuidamos de tudo para que seu im&oacute;vel renda sem preocupa&ccedil;&otilde;es.<\/p>\n<\/div>\n<\/div>\n<\/div>\n\n\n\n<div class=\"wp-block-group alignwide image-row hostinger-ai-fade-up is-nowrap is-layout-flex wp-container-core-group-is-layout-e122ece1 wp-block-group-is-layout-flex\" data-aos=\"fade-up\" style=\"margin-bottom:0;padding-top:var(--wp--preset--spacing--30)\">\n<figure class=\"wp-block-image size-full has-custom-border hostinger-ai-service-image hostinger-index-4\"><img decoding=\"async\" src=\"https:\/\/images.unsplash.com\/photo-1605091615872-c9ff26405d49?q=85&amp;w=700&amp;h=320&amp;fit=crop\" alt=\"A blue building with white window frames and a large black door that has 'Villa Sousa' and '1890' written on it. It features balconies with black wrought iron railings, potted plants, and a couple of small shops at ground level, including a bookstore and a small convenience store.\" class=\"wp-image-554\" style=\"border-radius:20px\"><\/figure>\n\n\n\n<figure class=\"wp-block-image alignfull size-full has-custom-border hostinger-ai-service-image hostinger-index-5\"><img decoding=\"async\" src=\"https:\/\/images.unsplash.com\/photo-1554629917-2ff00e45e3bc?q=85&amp;w=400&amp;h=320&amp;fit=crop\" alt=\"A brightly lit sign with text in both Chinese and English, featuring large, bold characters advertising a guesthouse. The sign prominently displays pricing information in red and green.\" class=\"wp-image-555\" style=\"border-radius:20px\"><\/figure>\n<\/div>\n<\/div>\n<div class=\"wp-block-group alignfull hostinger-ai-solid-block hostinger-ai-fade-up has-color-1-background-color has-background has-global-padding is-layout-constrained wp-block-group-is-layout-constrained\" data-aos=\"fade-up\" style=\"padding-top:var(--wp--preset--spacing--60);padding-bottom:var(--wp--preset--spacing--60)\">\n<div class=\"wp-block-group alignwide hostinger-ai-fade-up is-vertical is-content-justification-center is-nowrap is-layout-flex wp-container-core-group-is-layout-4cc6ee0a wp-block-group-is-layout-flex\" data-aos=\"fade-up\" style=\"min-height:0px;padding-top:0;padding-bottom:0\">\n<div class=\"wp-block-group hostinger-ai-fade-up wp-container-content-69bc4bdf has-global-padding is-content-justification-center is-layout-constrained wp-container-core-group-is-layout-78267832 wp-block-group-is-layout-constrained\" data-aos=\"fade-up\">\n<h2 class=\"wp-block-heading has-text-align-center hostinger-ai-title has-dark-color has-text-color has-link-color has-x-large-font-size wp-elements-9c17536157e17466a6bb93ffd6ceb158\" style=\"margin-top:0;margin-right:0;margin-bottom:0;margin-left:0\">Comece hoje<\/h2>\n\n\n\n<p class=\"has-text-align-center hostinger-ai-description has-dark-color has-text-color has-link-color has-medium-font-size wp-elements-26558f42c4a0b9442657b28f3e921d98\" style=\"margin-top:var(--wp--preset--spacing--20);margin-bottom:var(--wp--preset--spacing--50)\">Deixe a gest&atilde;o do seu im&oacute;vel conosco e aproveite a tranquilidade e o rendimento seguro.<\/p>\n\n\n\n<div class=\"wp-block-buttons is-content-justification-center is-layout-flex wp-container-core-buttons-is-layout-a89b3969 wp-block-buttons-is-layout-flex\">\n<div class=\"wp-block-button has-custom-font-size hostinger-ai-cta-button has-medium-font-size\"><a class=\"wp-block-button__link has-dark-color has-contrast-background-color has-text-color has-background has-link-color has-border-color wp-element-button\" style=\"border-color:#0d141a;border-width:1px;border-radius:50px;padding-top:var(--wp--preset--spacing--30);padding-right:var(--wp--preset--spacing--70);padding-bottom:var(--wp--preset--spacing--30);padding-left:var(--wp--preset--spacing--70);box-shadow:none\" href=\"https:\/\/smarthostalgarve.com\/en\/home\/\">Contacte<\/a><\/div>\n<\/div>\n<\/div>\n<\/div>\n<\/div>\n<div class=\"wp-block-group alignfull hostinger-ai-gallery-1 hostinger-ai-fade-up is-layout-flow wp-block-group-is-layout-flow\" data-aos=\"fade-up\">\n    <div class=\"wp-block-group alignwide hostinger-ai-fade-up has-global-padding is-layout-constrained wp-block-group-is-layout-constrained\" data-aos=\"fade-up\" style=\"padding-top:var(--wp--preset--spacing--60);padding-bottom:var(--wp--preset--spacing--60)\">\n        <h2 class=\"wp-block-heading has-text-align-center hostinger-ai-title has-dark-color has-text-color has-link-color has-x-large-font-size wp-elements-8b5fbccf9f2ff862a30ee8af95e821ce\" style=\"margin-top:0;margin-right:0;margin-bottom:var(--wp--preset--spacing--20);margin-left:0\">Galeria<\/h2>\n        \n\n        \n        <p class=\"has-text-align-center hostinger-ai-description has-dark-color has-text-color has-link-color has-medium-font-size wp-elements-b6fe0cfd3cff924be94a76ae63472c41\" style=\"margin-top:0;margin-bottom:0\">Momentos capturados dos nossos alojamentos e do belo Algarve.<\/p>\n        <\/div>\n    \n\n    \n    <div class=\"wp-block-group hostinger-ai-fade-up has-global-padding is-layout-constrained wp-block-group-is-layout-constrained\" data-aos=\"fade-up\">\n        <div class=\"wp-block-group alignwide hostinger-ai-fade-up is-content-justification-center is-nowrap is-layout-flex wp-container-core-group-is-layout-23441af8 wp-block-group-is-layout-flex\" data-aos=\"fade-up\">\n            <figure class=\"wp-block-image size-full has-custom-border hostinger-ai-image hostinger-index-2\"><img decoding=\"async\" src=\"https:\/\/images.unsplash.com\/photo-1547463981-e4239caa0b03?q=85&amp;w=800&amp;h=400&amp;fit=crop\" alt=\"A white building with large black-framed windows and a sign reading 'Mercado Lisboa' in stylish yellow letters. The architecture has a modern yet classic feel, with a domed roof and columns. A clear sky forms the background, and part of a red-tiled roof is visible.\" class=\"wp-image-503\" style=\"border-radius:20px\"><\/figure>\n            \n\n            \n            <figure class=\"wp-block-image size-full has-custom-border hostinger-ai-image hostinger-index-3\"><img decoding=\"async\" src=\"https:\/\/images.unsplash.com\/photo-1696371095379-4d3c61500d7a?q=85&amp;w=300&amp;h=400&amp;fit=crop\" alt=\"A small, vibrant yellow building with two upper balconies adorned with plants is positioned between two larger older buildings. The adjacent structures have decorative stone details and one has a rustic look, while the other is painted white. A bicycle is parked near a light pole on the pedestrian walkway in front of the yellow building. A sign in one window indicates that the property is for rent.\" class=\"wp-image-504\" style=\"border-radius:20px\"><\/figure>\n            <\/div>\n        \n\n        \n        <div class=\"wp-block-group alignwide hostinger-ai-fade-up is-content-justification-center is-nowrap is-layout-flex wp-container-core-group-is-layout-4c8f56df wp-block-group-is-layout-flex\" data-aos=\"fade-up\" style=\"margin-bottom:var(--wp--preset--spacing--20)\">\n            <figure class=\"wp-block-image size-full has-custom-border hostinger-ai-image\"><img decoding=\"async\" src=\"https:\/\/images.unsplash.com\/photo-1592645721423-25a4458d7153?q=85&amp;w=300&amp;h=400&amp;fit=crop\" alt=\"A building facade with two balconies featuring striped awnings and vibrant pink flowers in iron rail planters. There are signs reading 'PIAZZA PORTO VALENTINO' and 'AFFITTASI', indicating a location and something for rent. A traffic light with red and green lights is visible below the balconies. A neon sign, partially visible, hangs to the left.\" class=\"wp-image-504\" style=\"border-radius:20px\"><\/figure>\n            \n\n            \n            <figure class=\"wp-block-image size-full has-custom-border hostinger-ai-image hostinger-index-1\"><img decoding=\"async\" src=\"https:\/\/images.unsplash.com\/photo-1649169060129-d00ccd35434d?q=85&amp;w=800&amp;h=400&amp;fit=crop\" alt=\"A modern apartment building facade with a uniform pattern of glass windows and beige panels. Air conditioning units are mounted on some of the windows, and pine trees grow in front of the building.\" class=\"wp-image-503\" style=\"border-radius:20px\"><\/figure>\n            <\/div>\n        <\/div>\n    <\/div>","protected":false},"excerpt":{"rendered":"<p>Seu Ref&uacute;gio Transforme sua casa no Algarve em renda sem preocupa&ccedil;&otilde;es. Sobre N&oacute;s Somos um casal que encontrou no Algarve uma chance real de ajudar propriet&aacute;rios e h&oacute;spedes com gest&atilde;o s&eacute;ria e confi&aacute;vel. Nossos Servi&ccedil;os Cuidamos de tudo para que seu im&oacute;vel renda sem preocupa&ccedil;&otilde;es. Comece hoje Deixe a gest&atilde;o do seu im&oacute;vel conosco e [&hellip;]<\/p>","protected":false},"author":1,"featured_media":0,"parent":0,"menu_order":0,"comment_status":"closed","ping_status":"closed","template":"","meta":{"footnotes":""},"class_list":["post-175","page","type-page","status-publish","hentry"],"yoast_head":"<!-- This site is optimized with the Yoast SEO plugin v26.6 - https:\/\/yoast.com\/wordpress\/plugins\/seo\/ -->\n<title>Gest\u00e3o de Alojamento Local no Algarve<\/title>\n<meta name=\"description\" content=\"Smart Host Algarve cuida da gest\u00e3o completa do seu im\u00f3vel para aluguel local, garantindo tranquilidade e rendimento no cora\u00e7\u00e3o do Algarve.\" \/>\n<meta name=\"robots\" content=\"index, follow, max-snippet:-1, max-image-preview:large, max-video-preview:-1\" \/>\n<link rel=\"canonical\" href=\"https:\/\/smarthostalgarve.com\/en\/\" \/>\n<meta property=\"og:locale\" content=\"en_GB\" \/>\n<meta property=\"og:type\" content=\"article\" \/>\n<meta property=\"og:title\" content=\"Gest\u00e3o de Alojamento Local no Algarve\" \/>\n<meta property=\"og:description\" content=\"Smart Host Algarve cuida da gest\u00e3o completa do seu im\u00f3vel para aluguel local, garantindo tranquilidade e rendimento no cora\u00e7\u00e3o do Algarve.\" \/>\n<meta property=\"og:url\" content=\"https:\/\/smarthostalgarve.com\/en\/\" \/>\n<meta property=\"og:site_name\" content=\"Smart Host Algarve\" \/>\n<meta name=\"twitter:card\" content=\"summary_large_image\" \/>\n<meta name=\"twitter:label1\" content=\"Estimated reading time\" \/>\n\t<meta name=\"twitter:data1\" content=\"1 minute\" \/>\n<script type=\"application\/ld+json\" class=\"yoast-schema-graph\">{\"@context\":\"https:\/\/schema.org\",\"@graph\":[{\"@type\":\"WebPage\",\"@id\":\"https:\/\/smarthostalgarve.com\/\",\"url\":\"https:\/\/smarthostalgarve.com\/\",\"name\":\"Gest\u00e3o de Alojamento Local no Algarve\",\"isPartOf\":{\"@id\":\"https:\/\/smarthostalgarve.com\/#website\"},\"primaryImageOfPage\":{\"@id\":\"https:\/\/smarthostalgarve.com\/#primaryimage\"},\"image\":{\"@id\":\"https:\/\/smarthostalgarve.com\/#primaryimage\"},\"thumbnailUrl\":\"https:\/\/images.unsplash.com\/photo-1605091615872-c9ff26405d49?q=85&amp;w=273&amp;h=462&amp;fit=crop\",\"datePublished\":\"2026-01-16T14:31:43+00:00\",\"description\":\"Smart Host Algarve cuida da gest\u00e3o completa do seu im\u00f3vel para aluguel local, garantindo tranquilidade e rendimento no cora\u00e7\u00e3o do Algarve.\",\"breadcrumb\":{\"@id\":\"https:\/\/smarthostalgarve.com\/#breadcrumb\"},\"inLanguage\":\"en-GB\",\"potentialAction\":[{\"@type\":\"ReadAction\",\"target\":[\"https:\/\/smarthostalgarve.com\/\"]}]},{\"@type\":\"ImageObject\",\"inLanguage\":\"en-GB\",\"@id\":\"https:\/\/smarthostalgarve.com\/#primaryimage\",\"url\":\"https:\/\/images.unsplash.com\/photo-1605091615872-c9ff26405d49?q=85&amp;w=273&amp;h=462&amp;fit=crop\",\"contentUrl\":\"https:\/\/images.unsplash.com\/photo-1605091615872-c9ff26405d49?q=85&amp;w=273&amp;h=462&amp;fit=crop\"},{\"@type\":\"BreadcrumbList\",\"@id\":\"https:\/\/smarthostalgarve.com\/#breadcrumb\",\"itemListElement\":[{\"@type\":\"ListItem\",\"position\":1,\"name\":\"In\u00edcio\",\"item\":\"https:\/\/smarthostalgarve.com\/\"},{\"@type\":\"ListItem\",\"position\":2,\"name\":\"Home\"}]},{\"@type\":\"WebSite\",\"@id\":\"https:\/\/smarthostalgarve.com\/#website\",\"url\":\"https:\/\/smarthostalgarve.com\/\",\"name\":\"Smart Host Algarve\",\"description\":\"\",\"potentialAction\":[{\"@type\":\"SearchAction\",\"target\":{\"@type\":\"EntryPoint\",\"urlTemplate\":\"https:\/\/smarthostalgarve.com\/?s={search_term_string}\"},\"query-input\":{\"@type\":\"PropertyValueSpecification\",\"valueRequired\":true,\"valueName\":\"search_term_string\"}}],\"inLanguage\":\"en-GB\"}]}<\/script>\n<!-- \/ Yoast SEO plugin. -->","yoast_head_json":{"title":"Gest\u00e3o de Alojamento Local no Algarve","description":"Smart Host Algarve cuida da gest\u00e3o completa do seu im\u00f3vel para aluguel local, garantindo tranquilidade e rendimento no cora\u00e7\u00e3o do Algarve.","robots":{"index":"index","follow":"follow","max-snippet":"max-snippet:-1","max-image-preview":"max-image-preview:large","max-video-preview":"max-video-preview:-1"},"canonical":"https:\/\/smarthostalgarve.com\/en\/","og_locale":"en_GB","og_type":"article","og_title":"Gest\u00e3o de Alojamento Local no Algarve","og_description":"Smart Host Algarve cuida da gest\u00e3o completa do seu im\u00f3vel para aluguel local, garantindo tranquilidade e rendimento no cora\u00e7\u00e3o do Algarve.","og_url":"https:\/\/smarthostalgarve.com\/en\/","og_site_name":"Smart Host Algarve","twitter_card":"summary_large_image","twitter_misc":{"Estimated reading time":"1 minute"},"schema":{"@context":"https:\/\/schema.org","@graph":[{"@type":"WebPage","@id":"https:\/\/smarthostalgarve.com\/","url":"https:\/\/smarthostalgarve.com\/","name":"Gest\u00e3o de Alojamento Local no Algarve","isPartOf":{"@id":"https:\/\/smarthostalgarve.com\/#website"},"primaryImageOfPage":{"@id":"https:\/\/smarthostalgarve.com\/#primaryimage"},"image":{"@id":"https:\/\/smarthostalgarve.com\/#primaryimage"},"thumbnailUrl":"https:\/\/images.unsplash.com\/photo-1605091615872-c9ff26405d49?q=85&amp;w=273&amp;h=462&amp;fit=crop","datePublished":"2026-01-16T14:31:43+00:00","description":"Smart Host Algarve cuida da gest\u00e3o completa do seu im\u00f3vel para aluguel local, garantindo tranquilidade e rendimento no cora\u00e7\u00e3o do Algarve.","breadcrumb":{"@id":"https:\/\/smarthostalgarve.com\/#breadcrumb"},"inLanguage":"en-GB","potentialAction":[{"@type":"ReadAction","target":["https:\/\/smarthostalgarve.com\/"]}]},{"@type":"ImageObject","inLanguage":"en-GB","@id":"https:\/\/smarthostalgarve.com\/#primaryimage","url":"https:\/\/images.unsplash.com\/photo-1605091615872-c9ff26405d49?q=85&amp;w=273&amp;h=462&amp;fit=crop","contentUrl":"https:\/\/images.unsplash.com\/photo-1605091615872-c9ff26405d49?q=85&amp;w=273&amp;h=462&amp;fit=crop"},{"@type":"BreadcrumbList","@id":"https:\/\/smarthostalgarve.com\/#breadcrumb","itemListElement":[{"@type":"ListItem","position":1,"name":"In\u00edcio","item":"https:\/\/smarthostalgarve.com\/"},{"@type":"ListItem","position":2,"name":"Home"}]},{"@type":"WebSite","@id":"https:\/\/smarthostalgarve.com\/#website","url":"https:\/\/smarthostalgarve.com\/","name":"Smart Host Algarve","description":"","potentialAction":[{"@type":"SearchAction","target":{"@type":"EntryPoint","urlTemplate":"https:\/\/smarthostalgarve.com\/?s={search_term_string}"},"query-input":{"@type":"PropertyValueSpecification","valueRequired":true,"valueName":"search_term_string"}}],"inLanguage":"en-GB"}]}},"_hostinger_reach_plugin_has_subscription_block":false,"_hostinger_reach_plugin_is_elementor":false,"_links":{"self":[{"href":"https:\/\/smarthostalgarve.com\/en\/wp-json\/wp\/v2\/pages\/175","targetHints":{"allow":["GET"]}}],"collection":[{"href":"https:\/\/smarthostalgarve.com\/en\/wp-json\/wp\/v2\/pages"}],"about":[{"href":"https:\/\/smarthostalgarve.com\/en\/wp-json\/wp\/v2\/types\/page"}],"author":[{"embeddable":true,"href":"https:\/\/smarthostalgarve.com\/en\/wp-json\/wp\/v2\/users\/1"}],"replies":[{"embeddable":true,"href":"https:\/\/smarthostalgarve.com\/en\/wp-json\/wp\/v2\/comments?post=175"}],"version-history":[{"count":0,"href":"https:\/\/smarthostalgarve.com\/en\/wp-json\/wp\/v2\/pages\/175\/revisions"}],"wp:attachment":[{"href":"https:\/\/smarthostalgarve.com\/en\/wp-json\/wp\/v2\/media?parent=175"}],"curies":[{"name":"wp","href":"https:\/\/api.w.org\/{rel}","templated":true}]}}