{"id":176,"date":"2026-01-16T14:31:48","date_gmt":"2026-01-16T14:31:48","guid":{"rendered":"https:\/\/smarthostalgarve.com\/about-us\/"},"modified":"2026-01-16T14:31:48","modified_gmt":"2026-01-16T14:31:48","slug":"about-us","status":"publish","type":"page","link":"https:\/\/smarthostalgarve.com\/en\/about-us\/","title":{"rendered":"About Us"},"content":{"rendered":"<div class=\"wp-block-group alignfull hostinger-ai-about-us-2 hostinger-ai-fade-up has-global-padding is-layout-constrained wp-block-group-is-layout-constrained\" data-aos=\"fade-up\">\n<div class=\"wp-block-group alignwide hostinger-ai-fade-up is-layout-grid wp-container-core-group-is-layout-422a8eaf wp-block-group-is-layout-grid\" data-aos=\"fade-up\" style=\"padding-top:var(--wp--preset--spacing--60);padding-right:0;padding-bottom:var(--wp--preset--spacing--60);padding-left:0\">\n<div class=\"wp-block-group hostinger-ai-fade-up has-global-padding is-layout-constrained wp-block-group-is-layout-constrained\" data-aos=\"fade-up\">\n<figure class=\"wp-block-image size-full has-custom-border hostinger-ai-image hostinger-index-1\"><img decoding=\"async\" src=\"https:\/\/images.unsplash.com\/photo-1449145117746-d3769456cdbb?q=85&amp;w=584&amp;h=438&amp;fit=crop\" alt=\"A two-story house with a red-tiled roof and beige walls is surrounded by lush greenery. Palm trees and bushes are planted around the property, which features a clear blue swimming pool with white stone surrounding it. Wooden furniture is placed under a shaded area near the pool.\" class=\"wp-image-18\" style=\"border-radius:20px\"><\/figure>\n<\/div>\n\n\n\n<div class=\"wp-block-group hostinger-ai-fade-up wp-container-content-5e2576f9 is-vertical is-content-justification-left is-nowrap is-layout-flex wp-container-core-group-is-layout-cb02dbd6 wp-block-group-is-layout-flex\" data-aos=\"fade-up\" style=\"padding-right:var(--wp--preset--spacing--60);padding-left:var(--wp--preset--spacing--60)\">\n<h2 class=\"wp-block-heading hostinger-ai-title has-dark-color has-text-color has-link-color has-x-large-font-size wp-elements-a6eff87d0122f9225180453f263a6bd0\" style=\"margin-top:0;margin-right:0;margin-bottom:0;margin-left:0;padding-bottom:var(--wp--preset--spacing--20)\">About Us<\/h2>\n\n\n\n<p class=\"hostinger-ai-description has-dark-color has-text-color has-link-color has-medium-font-size wp-elements-59dafea674167ce1f050cdc2febf999c\" style=\"margin-top:0;margin-bottom:var(--wp--preset--spacing--50)\">We are a dedicated couple managing local rentals in Algarve with trust and care.<\/p>\n\n\n\n<div class=\"wp-block-buttons is-layout-flex wp-block-buttons-is-layout-flex\">\n<div class=\"wp-block-button has-custom-font-size hostinger-ai-cta-button hostinger-index-0 has-medium-font-size\"><a class=\"wp-block-button__link has-dark-color has-text-color has-link-color has-border-color wp-element-button\" style=\"border-color:#0d141a;border-width:1px;border-radius:50px;padding-top:var(--wp--preset--spacing--30);padding-right:var(--wp--preset--spacing--70);padding-bottom:var(--wp--preset--spacing--30);padding-left:var(--wp--preset--spacing--70);box-shadow:none\" href=\"https:\/\/smarthostalgarve.com\/en\/home-2\/\">Learn More<\/a><\/div>\n<\/div>\n<\/div>\n<\/div>\n<\/div>\n<div class=\"wp-block-group alignfull hostinger-ai-resume-1 hostinger-ai-fade-up has-global-padding is-layout-constrained wp-block-group-is-layout-constrained\" data-aos=\"fade-up\">\n<div class=\"wp-block-group alignwide hostinger-ai-fade-up is-layout-flow wp-block-group-is-layout-flow\" data-aos=\"fade-up\" style=\"padding-top:var(--wp--preset--spacing--60);padding-bottom:var(--wp--preset--spacing--60)\">\n<div class=\"wp-block-columns is-layout-flex wp-container-core-columns-is-layout-783b4be3 wp-block-columns-is-layout-flex\" style=\"margin-bottom:var(--wp--preset--spacing--60)\">\n<div class=\"wp-block-column is-layout-flow wp-block-column-is-layout-flow\">\n<h2 class=\"wp-block-heading hostinger-ai-title has-dark-color has-text-color has-link-color has-x-large-font-size wp-elements-6931ba46346a92b2cd43ce54d64172cd\" style=\"margin-bottom:var(--wp--preset--spacing--20)\">Our Story<\/h2>\n<\/div>\n\n\n\n<div class=\"wp-block-column is-layout-flow wp-block-column-is-layout-flow\">\n<p class=\"hostinger-ai-description has-dark-color has-text-color has-link-color has-medium-font-size wp-elements-ac54c78163e09debcd39b92d353c58aa\" style=\"margin-top:0;margin-bottom:var(--wp--preset--spacing--70)\">We are a couple who moved to Portugal seeking local lodging and found a great investment opportunity in the Algarve&#8217;s housing scarcity.<\/p>\n\n\n\n<p class=\"hostinger-ai-description hostinger-index-1\" style=\"margin-bottom:var(--wp--preset--spacing--50)\">We value trust and seriousness in every client relationship.<\/p>\n<\/div>\n<\/div>\n\n\n\n<div class=\"wp-block-columns is-layout-flex wp-container-core-columns-is-layout-28f84493 wp-block-columns-is-layout-flex\">\n<div class=\"wp-block-column is-layout-flow wp-block-column-is-layout-flow\">\n<h2 class=\"wp-block-heading hostinger-ai-title hostinger-index-1 has-dark-color has-text-color has-link-color has-x-large-font-size wp-elements-dd019c3287a2332dc4e8e8e8d90e28e8\" style=\"margin-bottom:var(--wp--preset--spacing--20)\">Our Mission<\/h2>\n<\/div>\n\n\n\n<div class=\"wp-block-column is-layout-flow wp-block-column-is-layout-flow\">\n<div class=\"wp-block-group hostinger-ai-fade-up is-layout-flow wp-block-group-is-layout-flow\" data-aos=\"fade-up\" style=\"margin-bottom:var(--wp--preset--spacing--60)\">\n<p class=\"hostinger-ai-subtitle hostinger-index-1 hostinger-ai-font-bold has-dark-color has-text-color has-link-color has-medium-font-size wp-elements-1b6542710c6b4d9ff5301fb2368e23a9\" style=\"margin-top:0;margin-bottom:var(--wp--preset--spacing--20)\">Starting Point<\/p>\n\n\n\n<p class=\"hostinger-ai-workplace hostinger-index-1\" style=\"margin-top:0px;margin-bottom:0\">Portugal<\/p>\n\n\n\n<p class=\"hostinger-ai-date hostinger-index-1\" style=\"margin-top:0;margin-bottom:var(--wp--preset--spacing--20)\">2018<\/p>\n\n\n\n<p class=\"hostinger-ai-description hostinger-index-1\" style=\"margin-top:0px\">We value trust and seriousness in every client relationship.<\/p>\n<\/div>\n\n\n\n<div class=\"wp-block-group hostinger-ai-fade-up is-layout-flow wp-block-group-is-layout-flow\" data-aos=\"fade-up\">\n<p class=\"hostinger-ai-subtitle hostinger-index-2 hostinger-ai-font-bold has-dark-color has-text-color has-link-color has-medium-font-size wp-elements-cc856904141dd73ec72ae97d6b2535aa\" style=\"margin-top:0;margin-bottom:var(--wp--preset--spacing--20)\">Our Approach<\/p>\n\n\n\n<p class=\"hostinger-ai-workplace hostinger-index-2\" style=\"margin-top:0px;margin-bottom:0\">Algarve<\/p>\n\n\n\n<p class=\"hostinger-ai-date hostinger-index-2\" style=\"margin-top:0px;margin-bottom:var(--wp--preset--spacing--20)\">Today<\/p>\n\n\n\n<p class=\"hostinger-ai-description hostinger-index-2\" style=\"margin-top:0px\">We offer full management with care and professionalism.<\/p>\n<\/div>\n<\/div>\n<\/div>\n<\/div>\n<\/div>\n<div class=\"wp-block-group alignfull hostinger-ai-gallery-5 hostinger-ai-fade-up is-layout-flow wp-block-group-is-layout-flow\" data-aos=\"fade-up\">\n<div class=\"wp-block-group alignwide hostinger-ai-fade-up has-global-padding is-layout-constrained wp-block-group-is-layout-constrained\" data-aos=\"fade-up\" style=\"padding-top:var(--wp--preset--spacing--60);padding-bottom:var(--wp--preset--spacing--60)\">\n<h2 class=\"wp-block-heading has-text-align-center hostinger-ai-title has-dark-color has-text-color has-link-color has-x-large-font-size wp-elements-59a64d9b45300ee644b786058475e3b8\" style=\"margin-top:0;margin-right:0;margin-bottom:var(--wp--preset--spacing--20);margin-left:0\">Galeria<\/h2>\n\n\n\n<p class=\"has-text-align-center hostinger-ai-description has-dark-color has-text-color has-link-color has-medium-font-size wp-elements-9e4234e67db375c92dd2d17b43e356b8\" style=\"margin-top:0;margin-bottom:0\">Momentos capturados que mostram nosso cuidado e dedica&ccedil;&atilde;o no Algarve.<\/p>\n<\/div>\n\n\n\n<div class=\"wp-block-group hostinger-ai-fade-up has-global-padding is-layout-constrained wp-block-group-is-layout-constrained\" data-aos=\"fade-up\" style=\"margin-top:0;margin-bottom:var(--wp--preset--spacing--60)\">\n<div class=\"wp-block-columns alignwide is-layout-flex wp-container-core-columns-is-layout-28f84493 wp-block-columns-is-layout-flex\">\n<div class=\"wp-block-column is-layout-flow wp-block-column-is-layout-flow\" style=\"flex-basis:20%\">\n<div class=\"wp-block-group is-vertical is-layout-flex wp-container-core-group-is-layout-fe9cc265 wp-block-group-is-layout-flex\">\n<figure class=\"wp-block-image size-full has-custom-border hostinger-ai-image hostinger-index-22\"><img decoding=\"async\" src=\"https:\/\/images.unsplash.com\/photo-1605091615872-c9ff26405d49?q=85&amp;w=214&amp;h=320&amp;fit=crop\" alt=\"A blue building with white window frames and a large black door that has 'Villa Sousa' and '1890' written on it. It features balconies with black wrought iron railings, potted plants, and a couple of small shops at ground level, including a bookstore and a small convenience store.\" class=\"wp-image-1212\" style=\"border-radius:16px;object-fit:cover\"><\/figure>\n\n\n\n<figure class=\"wp-block-image size-full has-custom-border hostinger-ai-image hostinger-index-23\"><img decoding=\"async\" src=\"https:\/\/images.unsplash.com\/photo-1670445561252-b90fa73c0911?q=85&amp;w=214&amp;h=320&amp;fit=crop\" alt=\"A coastline scene featuring a hotel named 'Globales' alongside other buildings with a sandy beige exterior. The foreground showcases a rugged shoreline with a small cave, and a vibrant blue sea. A person is seen in a bright yellow pedal boat on the water, adding a touch of activity to the tranquil setting.\" class=\"wp-image-1212\" style=\"border-radius:16px\"><\/figure>\n<\/div>\n<\/div>\n\n\n\n<div class=\"wp-block-column is-layout-flow wp-block-column-is-layout-flow\" style=\"flex-basis:60%\">\n<figure class=\"wp-block-image size-full has-custom-border hostinger-ai-image hostinger-index-24\"><img decoding=\"async\" src=\"https:\/\/images.unsplash.com\/photo-1619178331765-52ec151b993e?q=85&amp;w=642&amp;h=657&amp;fit=crop\" alt=\"A peaceful coastal scene with a large villa in the foreground, surrounded by lush greenery. In the background, the calm sea stretches out towards a range of gently sloping hills. Several small boats are scattered across the water, contributing to the serene atmosphere.\" class=\"wp-image-1222\" style=\"border-radius:16px\"><\/figure>\n<\/div>\n\n\n\n<div class=\"wp-block-column is-layout-flow wp-block-column-is-layout-flow\" style=\"flex-basis:20%\">\n<div class=\"wp-block-group is-vertical is-layout-flex wp-container-core-group-is-layout-fe9cc265 wp-block-group-is-layout-flex\">\n<figure class=\"wp-block-image size-full has-custom-border hostinger-ai-image hostinger-index-25\"><img decoding=\"async\" src=\"https:\/\/images.unsplash.com\/photo-1517181728655-98bef0ed903e?q=85&amp;w=214&amp;h=320&amp;fit=crop\" alt=\"A large, old-fashioned villa with light yellow walls and red-tiled roofs is situated by the water's edge. The architecture includes elements like chimneys, wooden windows, and decorative stone arches at the base. The surrounding area features lush greenery, palm trees, and a rocky waterfront.\" class=\"wp-image-1212\" style=\"border-radius:16px\"><\/figure>\n\n\n\n<figure class=\"wp-block-image size-full has-custom-border hostinger-ai-image hostinger-index-26\"><img decoding=\"async\" src=\"https:\/\/images.unsplash.com\/photo-1589859793010-6fe9e1fe29ea?q=85&amp;w=214&amp;h=320&amp;fit=crop\" alt=\"A person is reading a newsletter or brochure while seated. The document contains information related to property management, with the title 'Northshore Property Management' and a notable 'Ray White' advertisement. The setting includes a wooden table, a file, and cardboard boxes in the background.\" class=\"wp-image-1212\" style=\"border-radius:16px\"><\/figure>\n<\/div>\n<\/div>\n<\/div>\n<\/div>\n<\/div>\n<div class=\"wp-block-group alignwide hostinger-ai-fade-up has-global-padding is-layout-constrained wp-block-group-is-layout-constrained\" data-aos=\"fade-up\">\n<div class=\"wp-block-group alignwide is-layout-flow wp-block-group-is-layout-flow\">\n<h2 class=\"wp-block-heading alignfull has-text-align-left hostinger-ai-subtitle has-dark-color has-text-color has-link-color has-x-large-font-size wp-elements-96e5e512733bd1f2c91bd5fd9e0f7eb7\" style=\"margin-bottom:var(--wp--preset--spacing--50)\">Opini&otilde;es<\/h2>\n<\/div>\n\n\n\n<div class=\"wp-block-columns alignwide is-layout-flex wp-container-core-columns-is-layout-28f84493 wp-block-columns-is-layout-flex\">\n<div class=\"wp-block-column is-layout-flow wp-block-column-is-layout-flow\" style=\"flex-basis:33.3333333%\">\n<p class=\"hostinger-ai-testimonial-text hostinger-index-0 has-dark-color has-text-color has-link-color has-medium-font-size wp-elements-0052d0bce770cc91ee5e37d0d40741f0 wp-container-content-69bc4bdf\" style=\"padding-left:var(--wp--preset--spacing--20)\">&rdquo;Excelente gest&atilde;o, facilitou muito minha vida e garantiu renda constante.&rdquo;<\/p>\n<\/div>\n\n\n\n<div class=\"wp-block-column is-layout-flow wp-block-column-is-layout-flow\" style=\"flex-basis:33.3333333%\">\n<p class=\"hostinger-ai-testimonial-text hostinger-index-1 has-dark-color has-text-color has-link-color has-medium-font-size wp-elements-6f4b5987e555912bb7d478f457d7838f wp-container-content-69bc4bdf\" style=\"padding-left:var(--wp--preset--spacing--20)\">&rdquo;Sempre pr&aacute;ticos e atenciosos, respondem r&aacute;pido e cuidam de tudo com carinho.&rdquo;<\/p>\n<\/div>\n\n\n\n<div class=\"wp-block-column is-layout-flow wp-block-column-is-layout-flow\" style=\"flex-basis:33.3333333%\">\n<p class=\"hostinger-ai-testimonial-text hostinger-index-2 has-dark-color has-text-color has-link-color has-medium-font-size wp-elements-dc182b8566bcee0b3f685919079b8b3e wp-container-content-69bc4bdf\" style=\"padding-left:var(--wp--preset--spacing--20)\">&rdquo;Confiei meu im&oacute;vel &agrave; Smart Host Algarve com receio, mas eles superaram as expectativas, sempre profissionais e transparentes.&rdquo;<\/p>\n<\/div>\n<\/div>\n<\/div>","protected":false},"excerpt":{"rendered":"<p>About Us We are a dedicated couple managing local rentals in Algarve with trust and care. Our Story We are a couple who moved to Portugal seeking local lodging and found a great investment opportunity in the Algarve&#8217;s housing scarcity. We value trust and seriousness in every client relationship. Our Mission Starting Point Portugal 2018 [&hellip;]<\/p>","protected":false},"author":1,"featured_media":0,"parent":0,"menu_order":0,"comment_status":"closed","ping_status":"closed","template":"","meta":{"footnotes":""},"class_list":["post-176","page","type-page","status-publish","hentry"],"yoast_head":"<!-- This site is optimized with the Yoast SEO plugin v26.6 - https:\/\/yoast.com\/wordpress\/plugins\/seo\/ -->\n<title>Gest\u00e3o de alojamento local no Algarve<\/title>\n<meta name=\"description\" content=\"Smart Host Algarve oferece gest\u00e3o completa para alojamento local, cuidando de reservas, limpeza e comunica\u00e7\u00e3o para propriet\u00e1rios e h\u00f3spedes.\" \/>\n<meta name=\"robots\" content=\"index, follow, max-snippet:-1, max-image-preview:large, max-video-preview:-1\" \/>\n<link rel=\"canonical\" href=\"https:\/\/smarthostalgarve.com\/en\/about-us\/\" \/>\n<meta property=\"og:locale\" content=\"en_GB\" \/>\n<meta property=\"og:type\" content=\"article\" \/>\n<meta property=\"og:title\" content=\"Gest\u00e3o de alojamento local no Algarve\" \/>\n<meta property=\"og:description\" content=\"Smart Host Algarve oferece gest\u00e3o completa para alojamento local, cuidando de reservas, limpeza e comunica\u00e7\u00e3o para propriet\u00e1rios e h\u00f3spedes.\" \/>\n<meta property=\"og:url\" content=\"https:\/\/smarthostalgarve.com\/en\/about-us\/\" \/>\n<meta property=\"og:site_name\" content=\"Smart Host Algarve\" \/>\n<meta name=\"twitter:card\" content=\"summary_large_image\" \/>\n<meta name=\"twitter:label1\" content=\"Estimated reading time\" \/>\n\t<meta name=\"twitter:data1\" content=\"1 minute\" \/>\n<script type=\"application\/ld+json\" class=\"yoast-schema-graph\">{\"@context\":\"https:\/\/schema.org\",\"@graph\":[{\"@type\":\"WebPage\",\"@id\":\"https:\/\/smarthostalgarve.com\/about-us\/\",\"url\":\"https:\/\/smarthostalgarve.com\/about-us\/\",\"name\":\"Gest\u00e3o de alojamento local no Algarve\",\"isPartOf\":{\"@id\":\"https:\/\/smarthostalgarve.com\/#website\"},\"primaryImageOfPage\":{\"@id\":\"https:\/\/smarthostalgarve.com\/about-us\/#primaryimage\"},\"image\":{\"@id\":\"https:\/\/smarthostalgarve.com\/about-us\/#primaryimage\"},\"thumbnailUrl\":\"https:\/\/images.unsplash.com\/photo-1449145117746-d3769456cdbb?q=85&amp;w=584&amp;h=438&amp;fit=crop\",\"datePublished\":\"2026-01-16T14:31:48+00:00\",\"description\":\"Smart Host Algarve oferece gest\u00e3o completa para alojamento local, cuidando de reservas, limpeza e comunica\u00e7\u00e3o para propriet\u00e1rios e h\u00f3spedes.\",\"breadcrumb\":{\"@id\":\"https:\/\/smarthostalgarve.com\/about-us\/#breadcrumb\"},\"inLanguage\":\"en-GB\",\"potentialAction\":[{\"@type\":\"ReadAction\",\"target\":[\"https:\/\/smarthostalgarve.com\/about-us\/\"]}]},{\"@type\":\"ImageObject\",\"inLanguage\":\"en-GB\",\"@id\":\"https:\/\/smarthostalgarve.com\/about-us\/#primaryimage\",\"url\":\"https:\/\/images.unsplash.com\/photo-1449145117746-d3769456cdbb?q=85&amp;w=584&amp;h=438&amp;fit=crop\",\"contentUrl\":\"https:\/\/images.unsplash.com\/photo-1449145117746-d3769456cdbb?q=85&amp;w=584&amp;h=438&amp;fit=crop\"},{\"@type\":\"BreadcrumbList\",\"@id\":\"https:\/\/smarthostalgarve.com\/about-us\/#breadcrumb\",\"itemListElement\":[{\"@type\":\"ListItem\",\"position\":1,\"name\":\"In\u00edcio\",\"item\":\"https:\/\/smarthostalgarve.com\/\"},{\"@type\":\"ListItem\",\"position\":2,\"name\":\"About Us\"}]},{\"@type\":\"WebSite\",\"@id\":\"https:\/\/smarthostalgarve.com\/#website\",\"url\":\"https:\/\/smarthostalgarve.com\/\",\"name\":\"Smart Host Algarve\",\"description\":\"\",\"potentialAction\":[{\"@type\":\"SearchAction\",\"target\":{\"@type\":\"EntryPoint\",\"urlTemplate\":\"https:\/\/smarthostalgarve.com\/?s={search_term_string}\"},\"query-input\":{\"@type\":\"PropertyValueSpecification\",\"valueRequired\":true,\"valueName\":\"search_term_string\"}}],\"inLanguage\":\"en-GB\"}]}<\/script>\n<!-- \/ Yoast SEO plugin. -->","yoast_head_json":{"title":"Gest\u00e3o de alojamento local no Algarve","description":"Smart Host Algarve oferece gest\u00e3o completa para alojamento local, cuidando de reservas, limpeza e comunica\u00e7\u00e3o para propriet\u00e1rios e h\u00f3spedes.","robots":{"index":"index","follow":"follow","max-snippet":"max-snippet:-1","max-image-preview":"max-image-preview:large","max-video-preview":"max-video-preview:-1"},"canonical":"https:\/\/smarthostalgarve.com\/en\/about-us\/","og_locale":"en_GB","og_type":"article","og_title":"Gest\u00e3o de alojamento local no Algarve","og_description":"Smart Host Algarve oferece gest\u00e3o completa para alojamento local, cuidando de reservas, limpeza e comunica\u00e7\u00e3o para propriet\u00e1rios e h\u00f3spedes.","og_url":"https:\/\/smarthostalgarve.com\/en\/about-us\/","og_site_name":"Smart Host Algarve","twitter_card":"summary_large_image","twitter_misc":{"Estimated reading time":"1 minute"},"schema":{"@context":"https:\/\/schema.org","@graph":[{"@type":"WebPage","@id":"https:\/\/smarthostalgarve.com\/about-us\/","url":"https:\/\/smarthostalgarve.com\/about-us\/","name":"Gest\u00e3o de alojamento local no Algarve","isPartOf":{"@id":"https:\/\/smarthostalgarve.com\/#website"},"primaryImageOfPage":{"@id":"https:\/\/smarthostalgarve.com\/about-us\/#primaryimage"},"image":{"@id":"https:\/\/smarthostalgarve.com\/about-us\/#primaryimage"},"thumbnailUrl":"https:\/\/images.unsplash.com\/photo-1449145117746-d3769456cdbb?q=85&amp;w=584&amp;h=438&amp;fit=crop","datePublished":"2026-01-16T14:31:48+00:00","description":"Smart Host Algarve oferece gest\u00e3o completa para alojamento local, cuidando de reservas, limpeza e comunica\u00e7\u00e3o para propriet\u00e1rios e h\u00f3spedes.","breadcrumb":{"@id":"https:\/\/smarthostalgarve.com\/about-us\/#breadcrumb"},"inLanguage":"en-GB","potentialAction":[{"@type":"ReadAction","target":["https:\/\/smarthostalgarve.com\/about-us\/"]}]},{"@type":"ImageObject","inLanguage":"en-GB","@id":"https:\/\/smarthostalgarve.com\/about-us\/#primaryimage","url":"https:\/\/images.unsplash.com\/photo-1449145117746-d3769456cdbb?q=85&amp;w=584&amp;h=438&amp;fit=crop","contentUrl":"https:\/\/images.unsplash.com\/photo-1449145117746-d3769456cdbb?q=85&amp;w=584&amp;h=438&amp;fit=crop"},{"@type":"BreadcrumbList","@id":"https:\/\/smarthostalgarve.com\/about-us\/#breadcrumb","itemListElement":[{"@type":"ListItem","position":1,"name":"In\u00edcio","item":"https:\/\/smarthostalgarve.com\/"},{"@type":"ListItem","position":2,"name":"About Us"}]},{"@type":"WebSite","@id":"https:\/\/smarthostalgarve.com\/#website","url":"https:\/\/smarthostalgarve.com\/","name":"Smart Host Algarve","description":"","potentialAction":[{"@type":"SearchAction","target":{"@type":"EntryPoint","urlTemplate":"https:\/\/smarthostalgarve.com\/?s={search_term_string}"},"query-input":{"@type":"PropertyValueSpecification","valueRequired":true,"valueName":"search_term_string"}}],"inLanguage":"en-GB"}]}},"_hostinger_reach_plugin_has_subscription_block":false,"_hostinger_reach_plugin_is_elementor":false,"_links":{"self":[{"href":"https:\/\/smarthostalgarve.com\/en\/wp-json\/wp\/v2\/pages\/176","targetHints":{"allow":["GET"]}}],"collection":[{"href":"https:\/\/smarthostalgarve.com\/en\/wp-json\/wp\/v2\/pages"}],"about":[{"href":"https:\/\/smarthostalgarve.com\/en\/wp-json\/wp\/v2\/types\/page"}],"author":[{"embeddable":true,"href":"https:\/\/smarthostalgarve.com\/en\/wp-json\/wp\/v2\/users\/1"}],"replies":[{"embeddable":true,"href":"https:\/\/smarthostalgarve.com\/en\/wp-json\/wp\/v2\/comments?post=176"}],"version-history":[{"count":0,"href":"https:\/\/smarthostalgarve.com\/en\/wp-json\/wp\/v2\/pages\/176\/revisions"}],"wp:attachment":[{"href":"https:\/\/smarthostalgarve.com\/en\/wp-json\/wp\/v2\/media?parent=176"}],"curies":[{"name":"wp","href":"https:\/\/api.w.org\/{rel}","templated":true}]}}