{"id":177,"date":"2026-01-16T14:31:56","date_gmt":"2026-01-16T14:31:56","guid":{"rendered":"https:\/\/smarthostalgarve.com\/services\/"},"modified":"2026-01-16T14:31:56","modified_gmt":"2026-01-16T14:31:56","slug":"services","status":"publish","type":"page","link":"https:\/\/smarthostalgarve.com\/en\/services\/","title":{"rendered":"Services"},"content":{"rendered":"<div class=\"wp-block-group alignfull hostinger-ai-about-us-3 hostinger-ai-fade-up has-global-padding is-layout-constrained wp-block-group-is-layout-constrained\" data-aos=\"fade-up\">\n    <div class=\"wp-block-columns alignwide is-layout-flex wp-container-core-columns-is-layout-28f84493 wp-block-columns-is-layout-flex\">\n        <div class=\"wp-block-column is-layout-flow wp-block-column-is-layout-flow\" style=\"flex-basis:60%\">\n            <figure class=\"wp-block-image size-full has-custom-border hostinger-ai-service-image hostinger-index-3\"><img decoding=\"async\" src=\"https:\/\/images.unsplash.com\/photo-1663928016052-2feab0bb62fd?q=85&amp;w=636&amp;h=455&amp;fit=crop\" alt=\"An elegant villa with a red-tiled roof is surrounded by manicured gardens featuring symmetrical paths and various plant life. The villa is positioned against a backdrop of lush greenery and a coastal cityscape, with a view of the calm blue sea.\" class=\"wp-image-542\" style=\"border-radius:20px\"><\/figure>\n            <\/div>\n        \n\n        \n        <div class=\"wp-block-column is-vertically-aligned-center is-layout-flow wp-block-column-is-layout-flow\" style=\"flex-basis:40%\">\n            <div class=\"wp-block-group hostinger-ai-fade-up wp-container-content-69bc4bdf is-vertical is-content-justification-left is-nowrap is-layout-flex wp-container-core-group-is-layout-95b68133 wp-block-group-is-layout-flex\" data-aos=\"fade-up\" style=\"padding-right:var(--wp--preset--spacing--20);padding-left:var(--wp--preset--spacing--20)\">\n                <h2 class=\"wp-block-heading hostinger-ai-service-title has-dark-color has-text-color has-link-color has-x-large-font-size wp-elements-57bb61bac11d0ac0dfd73fcf5d0b41cc\" style=\"margin-top:0;margin-right:0;margin-bottom:0;margin-left:0;padding-bottom:var(--wp--preset--spacing--20)\">Our Services<\/h2>\n                \n\n                \n                <p class=\"hostinger-ai-service-description has-dark-color has-text-color has-link-color has-medium-font-size wp-elements-0cc042341aaf8576b2dc5c3b43ec2f12\" style=\"margin-top:0;margin-bottom:var(--wp--preset--spacing--50)\">Complete local rental management tailored to your Algarve property.<\/p>\n                <\/div>\n            <\/div>\n        <\/div>\n    <\/div>\n<div class=\"wp-block-group alignwide hostinger-ai-fade-up is-content-justification-center is-nowrap is-layout-flex wp-container-core-group-is-layout-23441af8 wp-block-group-is-layout-flex\" data-aos=\"fade-up\">\n    <div class=\"wp-block-group alignwide hostinger-ai-fade-up has-global-padding is-layout-constrained wp-block-group-is-layout-constrained\" data-aos=\"fade-up\">\n        <h2 class=\"wp-block-heading alignfull has-text-align-left hostinger-ai-subtitle has-dark-color has-text-color has-link-color has-x-large-font-size wp-elements-6c3572adee5549174dd7432b6f9442b4\" style=\"margin-bottom:var(--wp--preset--spacing--50)\">Feedback real<\/h2>\n        \n\n        \n        <div class=\"wp-block-columns alignwide is-layout-flex wp-container-core-columns-is-layout-28f84493 wp-block-columns-is-layout-flex\">\n            <div class=\"wp-block-column is-vertically-aligned-center is-layout-flow wp-block-column-is-layout-flow\">\n                <div class=\"wp-block-group hostinger-ai-fade-up is-nowrap is-layout-flex wp-container-core-group-is-layout-6c531013 wp-block-group-is-layout-flex\" data-aos=\"fade-up\">\n                    <figure class=\"wp-block-image size-full is-resized has-custom-border hostinger-ai-testimonial-image\"><img decoding=\"async\" src=\"https:\/\/smarthostalgarve.com\/wp-content\/themes\/hostinger-ai-theme\/assets\/images\/testimonials\/woman-5-98x108-c.jpg\" alt=\"\" class=\"wp-image-265\" style=\"border-radius:20px;\"><\/figure>\n                    \n\n                    \n                    <p class=\"hostinger-ai-testimonial-text has-dark-color has-text-color has-link-color has-medium-font-size wp-elements-f0bc2d28b75921c0412acaa5407f89bc wp-container-content-69bc4bdf\" style=\"padding-left:var(--wp--preset--spacing--20)\">&rdquo;Smart Host Algarve cuidou de tudo, tornando a gest&atilde;o do meu im&oacute;vel simples e eficiente.&rdquo;<\/p>\n                    <\/div>\n                <\/div>\n            \n\n            \n            <div class=\"wp-block-column is-vertically-aligned-center is-layout-flow wp-block-column-is-layout-flow\">\n                <div class=\"wp-block-group hostinger-ai-fade-up is-nowrap is-layout-flex wp-container-core-group-is-layout-6c531013 wp-block-group-is-layout-flex\" data-aos=\"fade-up\">\n                    <figure class=\"wp-block-image size-full is-resized has-custom-border hostinger-ai-testimonial-image hostinger-index-1\"><img decoding=\"async\" src=\"https:\/\/smarthostalgarve.com\/wp-content\/themes\/hostinger-ai-theme\/assets\/images\/testimonials\/woman-6-98x108-c.jpg\" alt=\"\" class=\"wp-image-266\" style=\"border-radius:20px;\"><\/figure>\n                    \n\n                    \n                    <p class=\"hostinger-ai-testimonial-text hostinger-index-1 has-dark-color has-text-color has-link-color has-medium-font-size wp-elements-2cc420fd7025197af86899a831cc1d9a wp-container-content-69bc4bdf\" style=\"padding-left:var(--wp--preset--spacing--20)\">&rdquo;Excelente comunica&ccedil;&atilde;o e suporte, meus h&oacute;spedes sempre satisfeitos e tranquilos.&rdquo;<\/p>\n                    <\/div>\n                <\/div>\n            <\/div>\n        <\/div>\n    <\/div>\n<div class=\"wp-block-group alignfull hostinger-ai-solid-block hostinger-ai-fade-up has-color-1-background-color has-background has-global-padding is-layout-constrained wp-block-group-is-layout-constrained\" data-aos=\"fade-up\" style=\"padding-top:var(--wp--preset--spacing--60);padding-bottom:var(--wp--preset--spacing--60)\">\n<div class=\"wp-block-group alignwide hostinger-ai-fade-up is-vertical is-content-justification-center is-nowrap is-layout-flex wp-container-core-group-is-layout-4cc6ee0a wp-block-group-is-layout-flex\" data-aos=\"fade-up\" style=\"min-height:0px;padding-top:0;padding-bottom:0\">\n<div class=\"wp-block-group hostinger-ai-fade-up wp-container-content-69bc4bdf has-global-padding is-content-justification-center is-layout-constrained wp-container-core-group-is-layout-78267832 wp-block-group-is-layout-constrained\" data-aos=\"fade-up\">\n<h2 class=\"wp-block-heading has-text-align-center hostinger-ai-title has-dark-color has-text-color has-link-color has-x-large-font-size wp-elements-12471dd8684a64c9c4703fb79cc8a48e\" style=\"margin-top:0;margin-right:0;margin-bottom:0;margin-left:0\">Vamos come&ccedil;ar<\/h2>\n\n\n\n<p class=\"has-text-align-center hostinger-ai-description has-dark-color has-text-color has-link-color has-medium-font-size wp-elements-30717d3177967a2a67f40acc8d816e6a\" style=\"margin-top:var(--wp--preset--spacing--20);margin-bottom:var(--wp--preset--spacing--50)\">Confie na Smart Host Algarve para cuidar do seu im&oacute;vel com dedica&ccedil;&atilde;o e transpar&ecirc;ncia.<\/p>\n\n\n\n<div class=\"wp-block-buttons is-content-justification-center is-layout-flex wp-container-core-buttons-is-layout-a89b3969 wp-block-buttons-is-layout-flex\">\n<div class=\"wp-block-button has-custom-font-size hostinger-ai-cta-button has-medium-font-size\"><a class=\"wp-block-button__link has-dark-color has-contrast-background-color has-text-color has-background has-link-color has-border-color wp-element-button\" style=\"border-color:#0d141a;border-width:1px;border-radius:50px;padding-top:var(--wp--preset--spacing--30);padding-right:var(--wp--preset--spacing--70);padding-bottom:var(--wp--preset--spacing--30);padding-left:var(--wp--preset--spacing--70);box-shadow:none\" href=\"https:\/\/smarthostalgarve.com\/en\/home\/\">Contato<\/a><\/div>\n<\/div>\n<\/div>\n<\/div>\n<\/div>\n<div class=\"wp-block-group alignfull hostinger-ai-gallery-3 hostinger-ai-fade-up is-layout-flow wp-block-group-is-layout-flow\" data-aos=\"fade-up\">\n    <div class=\"wp-block-group alignwide hostinger-ai-fade-up has-global-padding is-layout-constrained wp-block-group-is-layout-constrained\" data-aos=\"fade-up\" style=\"padding-top:var(--wp--preset--spacing--60);padding-bottom:var(--wp--preset--spacing--60)\">\n        <h2 class=\"wp-block-heading has-text-align-center hostinger-ai-title has-dark-color has-text-color has-link-color has-x-large-font-size wp-elements-8b5fbccf9f2ff862a30ee8af95e821ce\" style=\"margin-top:0;margin-right:0;margin-bottom:var(--wp--preset--spacing--20);margin-left:0\">Galeria<\/h2>\n        \n\n        \n        <p class=\"has-text-align-center hostinger-ai-description has-dark-color has-text-color has-link-color has-medium-font-size wp-elements-753c6afa79f8f8311f2726245d26d833\" style=\"margin-top:0;margin-bottom:0\">Momentos capturados dos nossos alojamentos e experi&ecirc;ncias no Algarve.<\/p>\n        <\/div>\n    \n\n    \n    <div class=\"wp-block-group hostinger-ai-fade-up has-global-padding is-layout-constrained wp-block-group-is-layout-constrained\" data-aos=\"fade-up\" style=\"margin-top:0\">\n        <div class=\"wp-block-group alignwide hostinger-ai-fade-up is-content-justification-center is-nowrap is-layout-flex wp-container-core-group-is-layout-23441af8 wp-block-group-is-layout-flex\" data-aos=\"fade-up\">\n            <figure class=\"wp-block-image size-full has-custom-border hostinger-ai-image hostinger-index-8\"><img decoding=\"async\" src=\"https:\/\/images.unsplash.com\/photo-1589859793010-6fe9e1fe29ea?q=85&amp;w=275&amp;h=275&amp;fit=crop\" alt=\"A person is reading a newsletter or brochure while seated. The document contains information related to property management, with the title 'Northshore Property Management' and a notable 'Ray White' advertisement. The setting includes a wooden table, a file, and cardboard boxes in the background.\" class=\"wp-image-525\" style=\"border-radius:20px\"><\/figure>\n            \n\n            \n            <figure class=\"wp-block-image size-full has-custom-border hostinger-ai-image hostinger-index-9\"><img decoding=\"async\" src=\"https:\/\/images.unsplash.com\/photo-1681050317425-3be7d80e6068?q=85&amp;w=275&amp;h=275&amp;fit=crop\" alt=\"A row of contemporary apartment buildings with tall palm trees and neatly landscaped gardens. The walls are painted in neutral colors and air conditioning units are visible on the exterior. A pedestrian pathway runs alongside small lawns with a variety of green plants and shrubs.\" class=\"wp-image-525\" style=\"border-radius:20px\"><\/figure>\n            \n\n            \n            <figure class=\"wp-block-image size-full has-custom-border hostinger-ai-image hostinger-index-10\"><img decoding=\"async\" src=\"https:\/\/images.unsplash.com\/photo-1627616010739-78ee1aacf431?q=85&amp;w=275&amp;h=275&amp;fit=crop\" alt=\"Aerial view of a residential property featuring a house with a red-tiled roof and a distinctive blue and white polygonal roof accent, surrounded by lush greenery. A small, kidney-shaped swimming pool with a nearby lounge area featuring white sunbeds and an umbrella is visible. The garden has a well-manicured lawn, various trees, and a stone pathway.\" class=\"wp-image-525\" style=\"border-radius:20px\"><\/figure>\n            \n\n            \n            <figure class=\"wp-block-image size-full has-custom-border hostinger-ai-image hostinger-index-11\"><img decoding=\"async\" src=\"https:\/\/images.unsplash.com\/photo-1517181728655-98bef0ed903e?q=85&amp;w=275&amp;h=275&amp;fit=crop\" alt=\"A large, old-fashioned villa with light yellow walls and red-tiled roofs is situated by the water's edge. The architecture includes elements like chimneys, wooden windows, and decorative stone arches at the base. The surrounding area features lush greenery, palm trees, and a rocky waterfront.\" class=\"wp-image-525\" style=\"border-radius:20px\"><\/figure>\n            <\/div>\n        \n\n        \n        <div class=\"wp-block-group alignwide hostinger-ai-fade-up is-content-justification-center is-nowrap is-layout-flex wp-container-core-group-is-layout-23441af8 wp-block-group-is-layout-flex\" data-aos=\"fade-up\">\n            <figure class=\"wp-block-image size-full has-custom-border hostinger-ai-image hostinger-index-12\"><img decoding=\"async\" src=\"https:\/\/images.unsplash.com\/photo-1681050317425-3be7d80e6068?q=85&amp;w=275&amp;h=275&amp;fit=crop\" alt=\"A row of contemporary apartment buildings with tall palm trees and neatly landscaped gardens. The walls are painted in neutral colors and air conditioning units are visible on the exterior. A pedestrian pathway runs alongside small lawns with a variety of green plants and shrubs.\" class=\"wp-image-525\" style=\"border-radius:20px\"><\/figure>\n            \n\n            \n            <figure class=\"wp-block-image size-full has-custom-border hostinger-ai-image hostinger-index-13\"><img decoding=\"async\" src=\"https:\/\/images.unsplash.com\/photo-1565716130823-6959103dc3e3?q=85&amp;w=275&amp;h=275&amp;fit=crop\" alt=\"A building facade featuring intricate blue and white tile patterns typical of Portuguese architecture, with two windows framed by ornate wrought iron railings. A bright yellow flag with the text 'Back to Lisbon Hostel' adds a vibrant touch to the scene.\" class=\"wp-image-525\" style=\"border-radius:20px\"><\/figure>\n            \n\n            \n            <figure class=\"wp-block-image size-full has-custom-border hostinger-ai-image hostinger-index-14\"><img decoding=\"async\" src=\"https:\/\/images.unsplash.com\/photo-1572163414908-d8fde6158ce9?q=85&amp;w=275&amp;h=275&amp;fit=crop\" alt=\"A multi-story building with a slightly aged facade. The middle floor has a window with a warm light illuminating the interior, suggesting someone is home. A sign is displayed on the balcony above, indicating the property might be for rent or sale. The building is situated on a narrow street between similar structures with visible street signage.\" class=\"wp-image-525\" style=\"border-radius:20px\"><\/figure>\n            \n\n            \n            <figure class=\"wp-block-image size-full has-custom-border hostinger-ai-image hostinger-index-15\"><img decoding=\"async\" src=\"https:\/\/images.unsplash.com\/photo-1681050317425-3be7d80e6068?q=85&amp;w=275&amp;h=275&amp;fit=crop\" alt=\"A row of contemporary apartment buildings with tall palm trees and neatly landscaped gardens. The walls are painted in neutral colors and air conditioning units are visible on the exterior. A pedestrian pathway runs alongside small lawns with a variety of green plants and shrubs.\" class=\"wp-image-525\" style=\"border-radius:20px\"><\/figure>\n            <\/div>\n        <\/div>\n    <\/div>","protected":false},"excerpt":{"rendered":"<p>Our Services Complete local rental management tailored to your Algarve property. Feedback real &rdquo;Smart Host Algarve cuidou de tudo, tornando a gest&atilde;o do meu im&oacute;vel simples e eficiente.&rdquo; &rdquo;Excelente comunica&ccedil;&atilde;o e suporte, meus h&oacute;spedes sempre satisfeitos e tranquilos.&rdquo; Vamos come&ccedil;ar Confie na Smart Host Algarve para cuidar do seu im&oacute;vel com dedica&ccedil;&atilde;o e transpar&ecirc;ncia. Galeria [&hellip;]<\/p>","protected":false},"author":1,"featured_media":0,"parent":0,"menu_order":0,"comment_status":"closed","ping_status":"closed","template":"","meta":{"footnotes":""},"class_list":["post-177","page","type-page","status-publish","hentry"],"yoast_head":"<!-- This site is optimized with the Yoast SEO plugin v26.6 - https:\/\/yoast.com\/wordpress\/plugins\/seo\/ -->\n<title>Gest\u00e3o de Alojamento Local no Algarve<\/title>\n<meta name=\"description\" content=\"Oferecemos gest\u00e3o completa de alojamento local no Algarve, cuidando de reservas, limpeza e comunica\u00e7\u00e3o para maximizar seu rendimento.\" \/>\n<meta name=\"robots\" content=\"index, follow, max-snippet:-1, max-image-preview:large, max-video-preview:-1\" \/>\n<link rel=\"canonical\" href=\"https:\/\/smarthostalgarve.com\/en\/services\/\" \/>\n<meta property=\"og:locale\" content=\"en_GB\" \/>\n<meta property=\"og:type\" content=\"article\" \/>\n<meta property=\"og:title\" content=\"Gest\u00e3o de Alojamento Local no Algarve\" \/>\n<meta property=\"og:description\" content=\"Oferecemos gest\u00e3o completa de alojamento local no Algarve, cuidando de reservas, limpeza e comunica\u00e7\u00e3o para maximizar seu rendimento.\" \/>\n<meta property=\"og:url\" content=\"https:\/\/smarthostalgarve.com\/en\/services\/\" \/>\n<meta property=\"og:site_name\" content=\"Smart Host Algarve\" \/>\n<meta name=\"twitter:card\" content=\"summary_large_image\" \/>\n<script type=\"application\/ld+json\" class=\"yoast-schema-graph\">{\"@context\":\"https:\/\/schema.org\",\"@graph\":[{\"@type\":\"WebPage\",\"@id\":\"https:\/\/smarthostalgarve.com\/services\/\",\"url\":\"https:\/\/smarthostalgarve.com\/services\/\",\"name\":\"Gest\u00e3o de Alojamento Local no Algarve\",\"isPartOf\":{\"@id\":\"https:\/\/smarthostalgarve.com\/#website\"},\"primaryImageOfPage\":{\"@id\":\"https:\/\/smarthostalgarve.com\/services\/#primaryimage\"},\"image\":{\"@id\":\"https:\/\/smarthostalgarve.com\/services\/#primaryimage\"},\"thumbnailUrl\":\"https:\/\/images.unsplash.com\/photo-1663928016052-2feab0bb62fd?q=85&amp;w=636&amp;h=455&amp;fit=crop\",\"datePublished\":\"2026-01-16T14:31:56+00:00\",\"description\":\"Oferecemos gest\u00e3o completa de alojamento local no Algarve, cuidando de reservas, limpeza e comunica\u00e7\u00e3o para maximizar seu rendimento.\",\"breadcrumb\":{\"@id\":\"https:\/\/smarthostalgarve.com\/services\/#breadcrumb\"},\"inLanguage\":\"en-GB\",\"potentialAction\":[{\"@type\":\"ReadAction\",\"target\":[\"https:\/\/smarthostalgarve.com\/services\/\"]}]},{\"@type\":\"ImageObject\",\"inLanguage\":\"en-GB\",\"@id\":\"https:\/\/smarthostalgarve.com\/services\/#primaryimage\",\"url\":\"https:\/\/images.unsplash.com\/photo-1663928016052-2feab0bb62fd?q=85&amp;w=636&amp;h=455&amp;fit=crop\",\"contentUrl\":\"https:\/\/images.unsplash.com\/photo-1663928016052-2feab0bb62fd?q=85&amp;w=636&amp;h=455&amp;fit=crop\"},{\"@type\":\"BreadcrumbList\",\"@id\":\"https:\/\/smarthostalgarve.com\/services\/#breadcrumb\",\"itemListElement\":[{\"@type\":\"ListItem\",\"position\":1,\"name\":\"In\u00edcio\",\"item\":\"https:\/\/smarthostalgarve.com\/\"},{\"@type\":\"ListItem\",\"position\":2,\"name\":\"Services\"}]},{\"@type\":\"WebSite\",\"@id\":\"https:\/\/smarthostalgarve.com\/#website\",\"url\":\"https:\/\/smarthostalgarve.com\/\",\"name\":\"Smart Host Algarve\",\"description\":\"\",\"potentialAction\":[{\"@type\":\"SearchAction\",\"target\":{\"@type\":\"EntryPoint\",\"urlTemplate\":\"https:\/\/smarthostalgarve.com\/?s={search_term_string}\"},\"query-input\":{\"@type\":\"PropertyValueSpecification\",\"valueRequired\":true,\"valueName\":\"search_term_string\"}}],\"inLanguage\":\"en-GB\"}]}<\/script>\n<!-- \/ Yoast SEO plugin. -->","yoast_head_json":{"title":"Gest\u00e3o de Alojamento Local no Algarve","description":"Oferecemos gest\u00e3o completa de alojamento local no Algarve, cuidando de reservas, limpeza e comunica\u00e7\u00e3o para maximizar seu rendimento.","robots":{"index":"index","follow":"follow","max-snippet":"max-snippet:-1","max-image-preview":"max-image-preview:large","max-video-preview":"max-video-preview:-1"},"canonical":"https:\/\/smarthostalgarve.com\/en\/services\/","og_locale":"en_GB","og_type":"article","og_title":"Gest\u00e3o de Alojamento Local no Algarve","og_description":"Oferecemos gest\u00e3o completa de alojamento local no Algarve, cuidando de reservas, limpeza e comunica\u00e7\u00e3o para maximizar seu rendimento.","og_url":"https:\/\/smarthostalgarve.com\/en\/services\/","og_site_name":"Smart Host Algarve","twitter_card":"summary_large_image","schema":{"@context":"https:\/\/schema.org","@graph":[{"@type":"WebPage","@id":"https:\/\/smarthostalgarve.com\/services\/","url":"https:\/\/smarthostalgarve.com\/services\/","name":"Gest\u00e3o de Alojamento Local no Algarve","isPartOf":{"@id":"https:\/\/smarthostalgarve.com\/#website"},"primaryImageOfPage":{"@id":"https:\/\/smarthostalgarve.com\/services\/#primaryimage"},"image":{"@id":"https:\/\/smarthostalgarve.com\/services\/#primaryimage"},"thumbnailUrl":"https:\/\/images.unsplash.com\/photo-1663928016052-2feab0bb62fd?q=85&amp;w=636&amp;h=455&amp;fit=crop","datePublished":"2026-01-16T14:31:56+00:00","description":"Oferecemos gest\u00e3o completa de alojamento local no Algarve, cuidando de reservas, limpeza e comunica\u00e7\u00e3o para maximizar seu rendimento.","breadcrumb":{"@id":"https:\/\/smarthostalgarve.com\/services\/#breadcrumb"},"inLanguage":"en-GB","potentialAction":[{"@type":"ReadAction","target":["https:\/\/smarthostalgarve.com\/services\/"]}]},{"@type":"ImageObject","inLanguage":"en-GB","@id":"https:\/\/smarthostalgarve.com\/services\/#primaryimage","url":"https:\/\/images.unsplash.com\/photo-1663928016052-2feab0bb62fd?q=85&amp;w=636&amp;h=455&amp;fit=crop","contentUrl":"https:\/\/images.unsplash.com\/photo-1663928016052-2feab0bb62fd?q=85&amp;w=636&amp;h=455&amp;fit=crop"},{"@type":"BreadcrumbList","@id":"https:\/\/smarthostalgarve.com\/services\/#breadcrumb","itemListElement":[{"@type":"ListItem","position":1,"name":"In\u00edcio","item":"https:\/\/smarthostalgarve.com\/"},{"@type":"ListItem","position":2,"name":"Services"}]},{"@type":"WebSite","@id":"https:\/\/smarthostalgarve.com\/#website","url":"https:\/\/smarthostalgarve.com\/","name":"Smart Host Algarve","description":"","potentialAction":[{"@type":"SearchAction","target":{"@type":"EntryPoint","urlTemplate":"https:\/\/smarthostalgarve.com\/?s={search_term_string}"},"query-input":{"@type":"PropertyValueSpecification","valueRequired":true,"valueName":"search_term_string"}}],"inLanguage":"en-GB"}]}},"_hostinger_reach_plugin_has_subscription_block":false,"_hostinger_reach_plugin_is_elementor":false,"_links":{"self":[{"href":"https:\/\/smarthostalgarve.com\/en\/wp-json\/wp\/v2\/pages\/177","targetHints":{"allow":["GET"]}}],"collection":[{"href":"https:\/\/smarthostalgarve.com\/en\/wp-json\/wp\/v2\/pages"}],"about":[{"href":"https:\/\/smarthostalgarve.com\/en\/wp-json\/wp\/v2\/types\/page"}],"author":[{"embeddable":true,"href":"https:\/\/smarthostalgarve.com\/en\/wp-json\/wp\/v2\/users\/1"}],"replies":[{"embeddable":true,"href":"https:\/\/smarthostalgarve.com\/en\/wp-json\/wp\/v2\/comments?post=177"}],"version-history":[{"count":0,"href":"https:\/\/smarthostalgarve.com\/en\/wp-json\/wp\/v2\/pages\/177\/revisions"}],"wp:attachment":[{"href":"https:\/\/smarthostalgarve.com\/en\/wp-json\/wp\/v2\/media?parent=177"}],"curies":[{"name":"wp","href":"https:\/\/api.w.org\/{rel}","templated":true}]}}