{"id":179,"date":"2026-01-16T14:32:09","date_gmt":"2026-01-16T14:32:09","guid":{"rendered":"https:\/\/smarthostalgarve.com\/contact\/"},"modified":"2026-01-16T14:32:09","modified_gmt":"2026-01-16T14:32:09","slug":"contact","status":"publish","type":"page","link":"https:\/\/smarthostalgarve.com\/en\/contact\/","title":{"rendered":"Contact"},"content":{"rendered":"<div class=\"wp-block-group alignfull hostinger-ai-fade-up has-global-padding is-layout-constrained wp-block-group-is-layout-constrained\" data-aos=\"fade-up\">\n<div class=\"wp-block-group alignwide hostinger-ai-fade-up is-layout-grid wp-container-core-group-is-layout-3721f5f0 wp-block-group-is-layout-grid\" data-aos=\"fade-up\">\n<div class=\"wp-block-columns are-vertically-aligned-center is-layout-flex wp-container-core-columns-is-layout-28f84493 wp-block-columns-is-layout-flex\">\n<div class=\"wp-block-column is-vertically-aligned-center is-layout-flow wp-block-column-is-layout-flow\" style=\"flex-basis:100%\">\n<div class=\"wp-block-group hostinger-ai-fade-up has-global-padding is-layout-constrained wp-block-group-is-layout-constrained\" data-aos=\"fade-up\">\n<h2 class=\"wp-block-heading hostinger-ai-title has-dark-color has-text-color has-link-color has-large-font-size wp-elements-55a3a1ebe500262392c96e20da756f6d\" style=\"margin-bottom:var(--wp--preset--spacing--50)\">Contact Us<\/h2>\n\n\n\n<p class=\"hostinger-ai-description has-dark-color has-text-color has-link-color wp-elements-a2540ff609982ad0e5bebc46f0c3b31b wp-container-content-69bc4bdf\">Ol&aacute;<\/p>\n\n\n\n<p><\/p>\n\n\n\n<p class=\"has-dark-color has-text-color has-link-color wp-elements-2544fcf298efa3af6cde4bf7039c9f36\" style=\"margin-bottom:var(--wp--preset--spacing--50)\">email@email.com<br>(123) 123 123 <\/p>\n\n\n\n<ul class=\"wp-block-social-links is-horizontal is-content-justification-left is-layout-flex wp-container-core-social-links-is-layout-af5f4889 wp-block-social-links-is-layout-flex\" style=\"margin-top:0;margin-right:0;margin-bottom:0;margin-left:0\"><li class=\"wp-social-link wp-social-link-facebook  wp-block-social-link\"><a href=\"https:\/\/www.facebook.com\" class=\"wp-block-social-link-anchor\"><svg width=\"24\" height=\"24\" viewbox=\"0 0 24 24\" version=\"1.1\" xmlns=\"http:\/\/www.w3.org\/2000\/svg\" aria-hidden=\"true\" focusable=\"false\"><path d=\"M12 2C6.5 2 2 6.5 2 12c0 5 3.7 9.1 8.4 9.9v-7H7.9V12h2.5V9.8c0-2.5 1.5-3.9 3.8-3.9 1.1 0 2.2.2 2.2.2v2.5h-1.3c-1.2 0-1.6.8-1.6 1.6V12h2.8l-.4 2.9h-2.3v7C18.3 21.1 22 17 22 12c0-5.5-4.5-10-10-10z\"><\/path><\/svg><span class=\"wp-block-social-link-label screen-reader-text\">Facebook<\/span><\/a><\/li>\n\n<li class=\"wp-social-link wp-social-link-instagram  wp-block-social-link\"><a href=\"https:\/\/www.instagram.com\" class=\"wp-block-social-link-anchor\"><svg width=\"24\" height=\"24\" viewbox=\"0 0 24 24\" version=\"1.1\" xmlns=\"http:\/\/www.w3.org\/2000\/svg\" aria-hidden=\"true\" focusable=\"false\"><path d=\"M12,4.622c2.403,0,2.688,0.009,3.637,0.052c0.877,0.04,1.354,0.187,1.671,0.31c0.42,0.163,0.72,0.358,1.035,0.673 c0.315,0.315,0.51,0.615,0.673,1.035c0.123,0.317,0.27,0.794,0.31,1.671c0.043,0.949,0.052,1.234,0.052,3.637 s-0.009,2.688-0.052,3.637c-0.04,0.877-0.187,1.354-0.31,1.671c-0.163,0.42-0.358,0.72-0.673,1.035 c-0.315,0.315-0.615,0.51-1.035,0.673c-0.317,0.123-0.794,0.27-1.671,0.31c-0.949,0.043-1.233,0.052-3.637,0.052 s-2.688-0.009-3.637-0.052c-0.877-0.04-1.354-0.187-1.671-0.31c-0.42-0.163-0.72-0.358-1.035-0.673 c-0.315-0.315-0.51-0.615-0.673-1.035c-0.123-0.317-0.27-0.794-0.31-1.671C4.631,14.688,4.622,14.403,4.622,12 s0.009-2.688,0.052-3.637c0.04-0.877,0.187-1.354,0.31-1.671c0.163-0.42,0.358-0.72,0.673-1.035 c0.315-0.315,0.615-0.51,1.035-0.673c0.317-0.123,0.794-0.27,1.671-0.31C9.312,4.631,9.597,4.622,12,4.622 M12,3 C9.556,3,9.249,3.01,8.289,3.054C7.331,3.098,6.677,3.25,6.105,3.472C5.513,3.702,5.011,4.01,4.511,4.511 c-0.5,0.5-0.808,1.002-1.038,1.594C3.25,6.677,3.098,7.331,3.054,8.289C3.01,9.249,3,9.556,3,12c0,2.444,0.01,2.751,0.054,3.711 c0.044,0.958,0.196,1.612,0.418,2.185c0.23,0.592,0.538,1.094,1.038,1.594c0.5,0.5,1.002,0.808,1.594,1.038 c0.572,0.222,1.227,0.375,2.185,0.418C9.249,20.99,9.556,21,12,21s2.751-0.01,3.711-0.054c0.958-0.044,1.612-0.196,2.185-0.418 c0.592-0.23,1.094-0.538,1.594-1.038c0.5-0.5,0.808-1.002,1.038-1.594c0.222-0.572,0.375-1.227,0.418-2.185 C20.99,14.751,21,14.444,21,12s-0.01-2.751-0.054-3.711c-0.044-0.958-0.196-1.612-0.418-2.185c-0.23-0.592-0.538-1.094-1.038-1.594 c-0.5-0.5-1.002-0.808-1.594-1.038c-0.572-0.222-1.227-0.375-2.185-0.418C14.751,3.01,14.444,3,12,3L12,3z M12,7.378 c-2.552,0-4.622,2.069-4.622,4.622S9.448,16.622,12,16.622s4.622-2.069,4.622-4.622S14.552,7.378,12,7.378z M12,15 c-1.657,0-3-1.343-3-3s1.343-3,3-3s3,1.343,3,3S13.657,15,12,15z M16.804,6.116c-0.596,0-1.08,0.484-1.08,1.08 s0.484,1.08,1.08,1.08c0.596,0,1.08-0.484,1.08-1.08S17.401,6.116,16.804,6.116z\"><\/path><\/svg><span class=\"wp-block-social-link-label screen-reader-text\">Instagram<\/span><\/a><\/li>\n\n<li class=\"wp-social-link wp-social-link-x  wp-block-social-link\"><a href=\"https:\/\/x.com\" class=\"wp-block-social-link-anchor\"><svg width=\"24\" height=\"24\" viewbox=\"0 0 24 24\" version=\"1.1\" xmlns=\"http:\/\/www.w3.org\/2000\/svg\" aria-hidden=\"true\" focusable=\"false\"><path d=\"M13.982 10.622 20.54 3h-1.554l-5.693 6.618L8.745 3H3.5l6.876 10.007L3.5 21h1.554l6.012-6.989L15.868 21h5.245l-7.131-10.378Zm-2.128 2.474-.697-.997-5.543-7.93H8l4.474 6.4.697.996 5.815 8.318h-2.387l-4.745-6.787Z\" \/><\/svg><span class=\"wp-block-social-link-label screen-reader-text\">X<\/span><\/a><\/li><\/ul>\n<\/div>\n<\/div>\n<\/div>\n\n\n\n<div class=\"wp-block-group is-content-justification-center is-nowrap is-layout-flex wp-container-core-group-is-layout-23441af8 wp-block-group-is-layout-flex\">\n<figure class=\"wp-block-image size-full has-custom-border hostinger-ai-image\"><img decoding=\"async\" src=\"https:\/\/images.unsplash.com\/photo-1681050317425-3be7d80e6068?q=85&amp;w=400&amp;h=400&amp;fit=crop\" alt=\"A row of contemporary apartment buildings with tall palm trees and neatly landscaped gardens. The walls are painted in neutral colors and air conditioning units are visible on the exterior. A pedestrian pathway runs alongside small lawns with a variety of green plants and shrubs.\" class=\"wp-image-160\" style=\"border-radius:20px\"><\/figure>\n<\/div>\n<\/div>\n<\/div>\n<div class=\"wp-block-group alignwide hostinger-ai-our-location-2 hostinger-ai-fade-up has-global-padding is-layout-constrained wp-block-group-is-layout-constrained\" data-aos=\"fade-up\" style=\"padding-top:0;padding-bottom:0\">\n<div class=\"wp-block-group alignwide hostinger-ai-fade-up has-global-padding is-content-justification-left is-layout-constrained wp-container-core-group-is-layout-12dd3699 wp-block-group-is-layout-constrained\" data-aos=\"fade-up\">\n<div class=\"wp-block-columns alignwide is-layout-flex wp-container-core-columns-is-layout-28f84493 wp-block-columns-is-layout-flex\">\n<div class=\"wp-block-column our-location-column is-layout-flow wp-block-column-is-layout-flow\" style=\"flex-basis:33.33%\">\n<h2 class=\"wp-block-heading has-text-align-left hostinger-ai-title has-dark-color has-text-color has-link-color has-x-large-font-size wp-elements-ccac582bb6d4686b6792d1000c29ad35\" style=\"margin-top:0;margin-right:0;margin-bottom:var(--wp--preset--spacing--40);margin-left:0\">Localiza&ccedil;&atilde;o<\/h2>\n\n\n\n<p class=\"has-text-align-left hostinger-ai-description has-medium-font-size\" style=\"margin-top:0;margin-bottom:var(--wp--preset--spacing--40)\">No cora&ccedil;&atilde;o do Algarve, perto do mar.<\/p>\n\n\n\n<p class=\"hostinger-ai-title hostinger-index-1 hostinger-ai-font-bold has-dark-color has-text-color has-link-color has-medium-font-size wp-elements-2c8ab6a5376b748538ced1f981d16d7b\">Contato<\/p>\n\n\n\n<p class=\"has-medium-font-size\" style=\"margin-top:var(--wp--preset--spacing--20);margin-bottom:var(--wp--preset--spacing--40)\">697 Hilltop Street, Springfield, MA, USA<\/p>\n\n\n\n<p class=\"hostinger-ai-title hostinger-index-2 hostinger-ai-font-bold has-dark-color has-text-color has-link-color has-medium-font-size wp-elements-3f4da9f83975a3f6e37ee389944e2c6a\">Hor&aacute;rio<\/p>\n\n\n\n<p class=\"has-dark-color has-text-color has-link-color has-medium-font-size wp-elements-00005936fe9cbdf95764827cc406811c\" style=\"margin-top:var(--wp--preset--spacing--20)\">9am &#8211; 6pm<\/p>\n<\/div>\n\n\n\n<div class=\"wp-block-column is-layout-flow wp-block-column-is-layout-flow\" style=\"flex-basis:66.66%\">\n<div class=\"wp-block-group alignfull hostinger-ai-fade-up is-layout-flow wp-block-group-is-layout-flow\" data-aos=\"fade-up\">\n<iframe src=\"https:\/\/www.google.com\/maps\/embed?pb=!1m14!1m8!1m3!1d47368.39682225005!2d-72.489385!3d42.09623!3m2!1i1024!2i768!4f13.1!3m3!1m2!1s0x89e6e85bbff73363%3A0x5241d930e1909b8f!2sHilltop%20St%2C%20Springfield%2C%20MA%2001128!5e0!3m2!1sen!2sus!4v1722498156021!5m2!1sen!2sus\" height=\"450\" style=\"width: 100%; min-width: 100%; border:0;\" allowfullscreen=\"\" loading=\"lazy\" referrerpolicy=\"no-referrer-when-downgrade\"><\/iframe>\n<\/div>\n<\/div>\n<\/div>\n<\/div>\n<\/div>\n<div class=\"wp-block-group alignfull hostinger-ai-solid-block hostinger-ai-fade-up has-color-1-background-color has-background has-global-padding is-layout-constrained wp-block-group-is-layout-constrained\" data-aos=\"fade-up\" style=\"padding-top:var(--wp--preset--spacing--60);padding-bottom:var(--wp--preset--spacing--60)\">\n<div class=\"wp-block-group alignwide hostinger-ai-fade-up is-vertical is-content-justification-center is-nowrap is-layout-flex wp-container-core-group-is-layout-4cc6ee0a wp-block-group-is-layout-flex\" data-aos=\"fade-up\" style=\"min-height:0px;padding-top:0;padding-bottom:0\">\n<div class=\"wp-block-group hostinger-ai-fade-up wp-container-content-69bc4bdf has-global-padding is-content-justification-center is-layout-constrained wp-container-core-group-is-layout-78267832 wp-block-group-is-layout-constrained\" data-aos=\"fade-up\">\n<h2 class=\"wp-block-heading has-text-align-center hostinger-ai-title has-dark-color has-text-color has-link-color has-x-large-font-size wp-elements-4cfead2976023ef07579738a72d5b31d\" style=\"margin-top:0;margin-right:0;margin-bottom:0;margin-left:0\">Fale Conosco<\/h2>\n\n\n\n<p class=\"has-text-align-center hostinger-ai-description has-dark-color has-text-color has-link-color has-medium-font-size wp-elements-5c64f2ed320cadbb950382c59db0df1c\" style=\"margin-top:var(--wp--preset--spacing--20);margin-bottom:var(--wp--preset--spacing--50)\">Pronto para transformar seu im&oacute;vel no Algarve? Estamos aqui para ajudar voc&ecirc;.<\/p>\n\n\n\n<div class=\"wp-block-buttons is-content-justification-center is-layout-flex wp-container-core-buttons-is-layout-a89b3969 wp-block-buttons-is-layout-flex\">\n<div class=\"wp-block-button has-custom-font-size hostinger-ai-cta-button has-medium-font-size\"><a class=\"wp-block-button__link has-dark-color has-contrast-background-color has-text-color has-background has-link-color has-border-color wp-element-button\" style=\"border-color:#0d141a;border-width:1px;border-radius:50px;padding-top:var(--wp--preset--spacing--30);padding-right:var(--wp--preset--spacing--70);padding-bottom:var(--wp--preset--spacing--30);padding-left:var(--wp--preset--spacing--70);box-shadow:none\" href=\"https:\/\/smarthostalgarve.com\/en\/services\/\">Contato<\/a><\/div>\n<\/div>\n<\/div>\n<\/div>\n<\/div>","protected":false},"excerpt":{"rendered":"<p>Contact Us Ol&aacute; email@email.com(123) 123 123 Localiza&ccedil;&atilde;o No cora&ccedil;&atilde;o do Algarve, perto do mar. Contato 697 Hilltop Street, Springfield, MA, USA Hor&aacute;rio 9am &#8211; 6pm Fale Conosco Pronto para transformar seu im&oacute;vel no Algarve? Estamos aqui para ajudar voc&ecirc;.<\/p>","protected":false},"author":1,"featured_media":0,"parent":0,"menu_order":0,"comment_status":"closed","ping_status":"closed","template":"","meta":{"footnotes":""},"class_list":["post-179","page","type-page","status-publish","hentry"],"yoast_head":"<!-- This site is optimized with the Yoast SEO plugin v26.6 - https:\/\/yoast.com\/wordpress\/plugins\/seo\/ -->\n<title>Gest\u00e3o de Alojamento Local no Algarve<\/title>\n<meta name=\"description\" content=\"Smart Host Algarve oferece gest\u00e3o completa de alojamento local, cuidando de reservas, limpeza e comunica\u00e7\u00e3o para maximizar seus rendimentos.\" \/>\n<meta name=\"robots\" content=\"index, follow, max-snippet:-1, max-image-preview:large, max-video-preview:-1\" \/>\n<link rel=\"canonical\" href=\"https:\/\/smarthostalgarve.com\/en\/contact\/\" \/>\n<meta property=\"og:locale\" content=\"en_GB\" \/>\n<meta property=\"og:type\" content=\"article\" \/>\n<meta property=\"og:title\" content=\"Gest\u00e3o de Alojamento Local no Algarve\" \/>\n<meta property=\"og:description\" content=\"Smart Host Algarve oferece gest\u00e3o completa de alojamento local, cuidando de reservas, limpeza e comunica\u00e7\u00e3o para maximizar seus rendimentos.\" \/>\n<meta property=\"og:url\" content=\"https:\/\/smarthostalgarve.com\/en\/contact\/\" \/>\n<meta property=\"og:site_name\" content=\"Smart Host Algarve\" \/>\n<meta name=\"twitter:card\" content=\"summary_large_image\" \/>\n<script type=\"application\/ld+json\" class=\"yoast-schema-graph\">{\"@context\":\"https:\/\/schema.org\",\"@graph\":[{\"@type\":\"WebPage\",\"@id\":\"https:\/\/smarthostalgarve.com\/contact\/\",\"url\":\"https:\/\/smarthostalgarve.com\/contact\/\",\"name\":\"Gest\u00e3o de Alojamento Local no Algarve\",\"isPartOf\":{\"@id\":\"https:\/\/smarthostalgarve.com\/#website\"},\"primaryImageOfPage\":{\"@id\":\"https:\/\/smarthostalgarve.com\/contact\/#primaryimage\"},\"image\":{\"@id\":\"https:\/\/smarthostalgarve.com\/contact\/#primaryimage\"},\"thumbnailUrl\":\"https:\/\/images.unsplash.com\/photo-1681050317425-3be7d80e6068?q=85&amp;w=400&amp;h=400&amp;fit=crop\",\"datePublished\":\"2026-01-16T14:32:09+00:00\",\"description\":\"Smart Host Algarve oferece gest\u00e3o completa de alojamento local, cuidando de reservas, limpeza e comunica\u00e7\u00e3o para maximizar seus rendimentos.\",\"breadcrumb\":{\"@id\":\"https:\/\/smarthostalgarve.com\/contact\/#breadcrumb\"},\"inLanguage\":\"en-GB\",\"potentialAction\":[{\"@type\":\"ReadAction\",\"target\":[\"https:\/\/smarthostalgarve.com\/contact\/\"]}]},{\"@type\":\"ImageObject\",\"inLanguage\":\"en-GB\",\"@id\":\"https:\/\/smarthostalgarve.com\/contact\/#primaryimage\",\"url\":\"https:\/\/images.unsplash.com\/photo-1681050317425-3be7d80e6068?q=85&amp;w=400&amp;h=400&amp;fit=crop\",\"contentUrl\":\"https:\/\/images.unsplash.com\/photo-1681050317425-3be7d80e6068?q=85&amp;w=400&amp;h=400&amp;fit=crop\"},{\"@type\":\"BreadcrumbList\",\"@id\":\"https:\/\/smarthostalgarve.com\/contact\/#breadcrumb\",\"itemListElement\":[{\"@type\":\"ListItem\",\"position\":1,\"name\":\"In\u00edcio\",\"item\":\"https:\/\/smarthostalgarve.com\/\"},{\"@type\":\"ListItem\",\"position\":2,\"name\":\"Contact\"}]},{\"@type\":\"WebSite\",\"@id\":\"https:\/\/smarthostalgarve.com\/#website\",\"url\":\"https:\/\/smarthostalgarve.com\/\",\"name\":\"Smart Host Algarve\",\"description\":\"\",\"potentialAction\":[{\"@type\":\"SearchAction\",\"target\":{\"@type\":\"EntryPoint\",\"urlTemplate\":\"https:\/\/smarthostalgarve.com\/?s={search_term_string}\"},\"query-input\":{\"@type\":\"PropertyValueSpecification\",\"valueRequired\":true,\"valueName\":\"search_term_string\"}}],\"inLanguage\":\"en-GB\"}]}<\/script>\n<!-- \/ Yoast SEO plugin. -->","yoast_head_json":{"title":"Gest\u00e3o de Alojamento Local no Algarve","description":"Smart Host Algarve oferece gest\u00e3o completa de alojamento local, cuidando de reservas, limpeza e comunica\u00e7\u00e3o para maximizar seus rendimentos.","robots":{"index":"index","follow":"follow","max-snippet":"max-snippet:-1","max-image-preview":"max-image-preview:large","max-video-preview":"max-video-preview:-1"},"canonical":"https:\/\/smarthostalgarve.com\/en\/contact\/","og_locale":"en_GB","og_type":"article","og_title":"Gest\u00e3o de Alojamento Local no Algarve","og_description":"Smart Host Algarve oferece gest\u00e3o completa de alojamento local, cuidando de reservas, limpeza e comunica\u00e7\u00e3o para maximizar seus rendimentos.","og_url":"https:\/\/smarthostalgarve.com\/en\/contact\/","og_site_name":"Smart Host Algarve","twitter_card":"summary_large_image","schema":{"@context":"https:\/\/schema.org","@graph":[{"@type":"WebPage","@id":"https:\/\/smarthostalgarve.com\/contact\/","url":"https:\/\/smarthostalgarve.com\/contact\/","name":"Gest\u00e3o de Alojamento Local no Algarve","isPartOf":{"@id":"https:\/\/smarthostalgarve.com\/#website"},"primaryImageOfPage":{"@id":"https:\/\/smarthostalgarve.com\/contact\/#primaryimage"},"image":{"@id":"https:\/\/smarthostalgarve.com\/contact\/#primaryimage"},"thumbnailUrl":"https:\/\/images.unsplash.com\/photo-1681050317425-3be7d80e6068?q=85&amp;w=400&amp;h=400&amp;fit=crop","datePublished":"2026-01-16T14:32:09+00:00","description":"Smart Host Algarve oferece gest\u00e3o completa de alojamento local, cuidando de reservas, limpeza e comunica\u00e7\u00e3o para maximizar seus rendimentos.","breadcrumb":{"@id":"https:\/\/smarthostalgarve.com\/contact\/#breadcrumb"},"inLanguage":"en-GB","potentialAction":[{"@type":"ReadAction","target":["https:\/\/smarthostalgarve.com\/contact\/"]}]},{"@type":"ImageObject","inLanguage":"en-GB","@id":"https:\/\/smarthostalgarve.com\/contact\/#primaryimage","url":"https:\/\/images.unsplash.com\/photo-1681050317425-3be7d80e6068?q=85&amp;w=400&amp;h=400&amp;fit=crop","contentUrl":"https:\/\/images.unsplash.com\/photo-1681050317425-3be7d80e6068?q=85&amp;w=400&amp;h=400&amp;fit=crop"},{"@type":"BreadcrumbList","@id":"https:\/\/smarthostalgarve.com\/contact\/#breadcrumb","itemListElement":[{"@type":"ListItem","position":1,"name":"In\u00edcio","item":"https:\/\/smarthostalgarve.com\/"},{"@type":"ListItem","position":2,"name":"Contact"}]},{"@type":"WebSite","@id":"https:\/\/smarthostalgarve.com\/#website","url":"https:\/\/smarthostalgarve.com\/","name":"Smart Host Algarve","description":"","potentialAction":[{"@type":"SearchAction","target":{"@type":"EntryPoint","urlTemplate":"https:\/\/smarthostalgarve.com\/?s={search_term_string}"},"query-input":{"@type":"PropertyValueSpecification","valueRequired":true,"valueName":"search_term_string"}}],"inLanguage":"en-GB"}]}},"_hostinger_reach_plugin_has_subscription_block":false,"_hostinger_reach_plugin_is_elementor":false,"_links":{"self":[{"href":"https:\/\/smarthostalgarve.com\/en\/wp-json\/wp\/v2\/pages\/179","targetHints":{"allow":["GET"]}}],"collection":[{"href":"https:\/\/smarthostalgarve.com\/en\/wp-json\/wp\/v2\/pages"}],"about":[{"href":"https:\/\/smarthostalgarve.com\/en\/wp-json\/wp\/v2\/types\/page"}],"author":[{"embeddable":true,"href":"https:\/\/smarthostalgarve.com\/en\/wp-json\/wp\/v2\/users\/1"}],"replies":[{"embeddable":true,"href":"https:\/\/smarthostalgarve.com\/en\/wp-json\/wp\/v2\/comments?post=179"}],"version-history":[{"count":0,"href":"https:\/\/smarthostalgarve.com\/en\/wp-json\/wp\/v2\/pages\/179\/revisions"}],"wp:attachment":[{"href":"https:\/\/smarthostalgarve.com\/en\/wp-json\/wp\/v2\/media?parent=179"}],"curies":[{"name":"wp","href":"https:\/\/api.w.org\/{rel}","templated":true}]}}